{"id":3697,"date":"2020-05-07T10:48:50","date_gmt":"2020-05-07T08:48:50","guid":{"rendered":"https:\/\/arancini.hr\/?page_id=3697"},"modified":"2021-08-01T14:26:26","modified_gmt":"2021-08-01T12:26:26","slug":"sigurnost-placanja-kreditnim-karticama","status":"publish","type":"page","link":"https:\/\/arancini.hr\/hr\/sigurnost-placanja-kreditnim-karticama\/","title":{"rendered":"Sigurnost pla\u0107anja kreditnim karticama"},"content":{"rendered":"<p>[et_pb_section fb_built=&#8221;1&#8243; admin_label=&#8221;About&#8221; _builder_version=&#8221;3.22.3&#8243; custom_padding=&#8221;0px||0px||false&#8221; collapsed=&#8221;off&#8221;][et_pb_row column_structure=&#8221;1_3,2_3&#8243; make_equal=&#8221;on&#8221; padding_top_bottom_link_2=&#8221;false&#8221; padding_left_right_link_2=&#8221;false&#8221; _builder_version=&#8221;3.25.4&#8243; background_color=&#8221;#f7f7f7&#8243; width=&#8221;100%&#8221; max_width=&#8221;100%&#8221; min_height=&#8221;697px&#8221; custom_padding=&#8221;0px||0px||true&#8221; use_custom_width=&#8221;on&#8221; width_unit=&#8221;off&#8221; custom_width_percent=&#8221;100%&#8221;][et_pb_column type=&#8221;1_3&#8243; _builder_version=&#8221;3.25.4&#8243; background_size=&#8221;contain&#8221; background_position=&#8221;top_center&#8221; custom_padding=&#8221;|||&#8221; custom_padding__hover=&#8221;|||&#8221;][et_pb_image src=&#8221;https:\/\/arancini.hr\/wp-content\/uploads\/2020\/04\/ARANCINI-logo-black-1.png&#8221; align=&#8221;right&#8221; _builder_version=&#8221;3.25.4&#8243; width=&#8221;84%&#8221;][\/et_pb_image][\/et_pb_column][et_pb_column type=&#8221;2_3&#8243; _builder_version=&#8221;3.25.4&#8243; background_image=&#8221;https:\/\/arancini.hr\/wp-content\/uploads\/2020\/02\/grafika.png&#8221; background_size=&#8221;initial&#8221; background_position=&#8221;top_right&#8221; custom_padding=&#8221;6vw|10vw|12vw|5vw&#8221; custom_padding_tablet=&#8221;|10%||10%||true&#8221; custom_padding_phone=&#8221;|3vw||3vw&#8221; custom_padding_last_edited=&#8221;on|tablet&#8221; custom_padding__hover=&#8221;|||&#8221;][et_pb_text _builder_version=&#8221;4.9.9&#8243; header_font=&#8221;||||||||&#8221; header_2_font=&#8221;Frank Ruhl Libre||||||||&#8221; header_2_font_size=&#8221;48px&#8221; header_2_line_height=&#8221;1.4em&#8221; max_width=&#8221;700px&#8221; header_2_font_size_tablet=&#8221;&#8221; header_2_font_size_phone=&#8221;28px&#8221; header_2_font_size_last_edited=&#8221;on|desktop&#8221;]<\/p>\n<h2>Sigurnost pla\u0107anja kreditnim karticama<\/h2>\n<p>[\/et_pb_text][et_pb_divider color=&#8221;#979797&#8243; divider_weight=&#8221;2px&#8221; _builder_version=&#8221;3.12.2&#8243; max_width=&#8221;100px&#8221;][\/et_pb_divider][et_pb_text _builder_version=&#8221;4.9.9&#8243; text_font=&#8221;||||||||&#8221; text_font_size=&#8221;16px&#8221; text_line_height=&#8221;1.8em&#8221; max_width=&#8221;700px&#8221; custom_margin=&#8221;|||&#8221;]<\/p>\n<p>Tajnost Va\u0161ih podataka je za\u0161ti\u0107ena i osigurana uporabom SSL enkripcije. Stranice za naplatu putem interneta osigurane su kori\u0161tenjem Secure Socket Layer (SSL) protokola sa 128-bitnom enkripcijom podataka. SSL enkripcija je postupak \u0161ifriranja podataka radi sprje\u010davanja neovla\u0161tenog pristupa prilikom njihovog prijenosa.<\/p>\n<p>Time je omogu\u0107en siguran prijenos informacija te onemogu\u0107en nedozvoljen pristup podacima prilikom komunikacije izme\u0111u korisnikovog ra\u010dunala i WebPay servisa, te obratno.<\/p>\n<p>WebPay servis i financijske ustanove razmjenjuju podatke uporabom virtualne privatne mre\u017ee (VPN), koja je za\u0161ti\u0107ena od neautoriziranog pristupa.<\/p>\n<p>Monri Payment Gateway je certificiran prema PCI DSS Level 1 sigurnosnom standardu propisanom Visa i Mastercard pravilima.<\/p>\n<p>Trgovac ne pohranjuje brojeve kreditnih kartica i brojevi nisu dostupni neovla\u0161tenim osobama.<\/p>\n<h2>Izjava o za\u0161titi i prikupljanju osobnih podataka<\/h2>\n<p>Obavezujemo se pru\u017eati za\u0161titu osobnim podacima kupaca, na na\u010din da prikupljamo samo nu\u017ene, osnovne podatke o kupcima \/ korisnicima koji su nu\u017eni za ispunjenje na\u0161ih obveza; informiramo kupce o na\u010dinu kori\u0161tenja prikupljenih podataka, redovito dajemo kupcima mogu\u0107nost izbora o upotrebi njihovih podataka, uklju\u010duju\u0107i mogu\u0107nost odluke \u017eele li ili ne da se njihovo ime ukloni s lista koje se koriste za marketin\u0161ke kampanje.<\/p>\n<p>Svi se podaci o korisnicima strogo \u010duvaju i dostupni su samo djelatnicima kojima su ti podaci nu\u017eni za obavljanje posla. Svi na\u0161i djelatnici i poslovni partneri obvezni su po\u0161tivati na\u010dela za\u0161tite privatnosti.<\/p>\n<h2>Na\u010dini i uvjeti pla\u0107anja<\/h2>\n<ol>\n<li>Uvjeti za prodaju roba i usluga<\/li>\n<\/ol>\n<p>Ovim se uvjetima utvr\u0111uje postupak naru\u010divanja, pla\u0107anja, isporuke te reklamacija proizvoda koji su ponu\u0111eni na stranici <a href=\"http:\/\/www.arancini.hr\"><em>www.arancini.hr<\/em><\/a><span><em>.<\/em><\/span> Internet stranice mogu se koristiti za Va\u0161u privatnu upotrebu bez ikakvih naknada za kori\u0161tenje, a prema sljede\u0107im uvjetima i pravilima.<\/p>\n<p>Prodavatelj je\u00a0<strong>RenBen hoteli d.o.o.<\/strong>, a kupac je posjetitelj ovih stranica koji popuni elektronsku narud\u017ebu, po\u0161alje je prodavatelju te izvr\u0161i pla\u0107anje putem kreditnih kartica ili pouze\u0107em.<\/p>\n<ol start=\"2\">\n<li>Naru\u010divanje<\/li>\n<\/ol>\n<p>Kupac naru\u010duje proizvod ili proizvode putem elektronskog obrasca narud\u017ebe.<\/p>\n<p>Kupcem se smatra svaka osoba koja elektronski naru\u010di barem jedan proizvod, popuni tra\u017eene podatke i po\u0161alje narud\u017ebu.<\/p>\n<p>Sve cijene izra\u017eene su u hrvatskoj nacionalnoj valutu, hrvatska kuna (kn) s PDV-om. Kupac dodatno ima mogu\u0107nost prikaza cijena u ameri\u010dkim dolarima te eurima.<\/p>\n<p>Roba se naru\u010duje elektronskim putem, pritiskom na odre\u0111eni proizvod te spremanjem istog u ko\u0161aricu. Smatra se naru\u010denom u trenutku kada kupac odabere te potvrdi na\u010din pla\u0107anja.<\/p>\n<ol start=\"3\">\n<li>Pla\u0107anje<\/li>\n<\/ol>\n<p>Naru\u010deni proizvodi ili usluge pla\u0107aju se online jednom od kreditnih kartica: Mastercard, Maestro ili Visa.<\/p>\n<ol start=\"4\">\n<li>Isporuka<\/li>\n<\/ol>\n<p>Naru\u010deni proizvodi pakiraju se na na\u010din da tokom uobi\u010dajene manipulacije ne budu o\u0161te\u0107eni. Prilikom preuzimanja kupac je du\u017ean provjeriti stanje po\u0161iljke te u slu\u010daju o\u0161te\u0107enja odmah reklamirati proizvod dostavlja\u010du (zaposleniku tvrtke koja vr\u0161i dostavu). Prodavatelj se odri\u010de svake odgovornosti u vezi o\u0161te\u0107enja koja mogu nastati prilikom dostave.<\/p>\n<p>Ako kupac ne primi robu, ili obavijest o isporuci, nakon \u0161to je poslana, u o\u010dekivanom vremenu, kupac ima pravo o tome obavijestiti prodavatelj kako bi se poduzele radnje pronalaska po\u0161iljke ili kako bi se poslala zamjenska po\u0161iljka.<\/p>\n<p>Ako kupac odbije primiti robu koju je naru\u010dio od prodavatelja, prodavatelj ima pravo tra\u017eiti od kupca nadoknadu svih tro\u0161kova koji su vezani za isporuku.<\/p>\n<p>Prodavatelj se obvezuje poslati po\u0161iljku kupcu onoga trenutka kada zaprimi potvrdu kojom se odobrava online transakcija. Nakon zaprimanja te potvrde prodavatelj se obvezuje poslati po\u0161iljku u roku do 5 (pet) radnih dana.<\/p>\n<p>Nakon \u0161to dostavlja\u010d (tvrtka koja vr\u0161i dostavu) zaprimi po\u0161iljku od strane prodavatelja, prodavatelj vi\u0161e nije odgovoran za daljnji tok isporuke i eventualna ka\u0161njenja te probleme koji mogu nastati u vezi daljnje manipulacije i isporuke robe.<\/p>\n<p>Ako kupac umjesto dostave izabere opciju downloada proizvoda, prodavatelj se obvezuje poslati obavijest isklju\u010divo u obliku elektronske po\u0161te kupcu na kojoj \u0107e se nalaziti linkovi za download i upute. Nakon primitka elektronske po\u0161te (obavijesti o downloadu) kupac mo\u017ee odmah pristupiti downloadu proizvoda.<\/p>\n<h2>Reklamacije<\/h2>\n<p>Prodavatelj se obvezuje isporu\u010diti proizvod koji je tehni\u010dki ispravan te odgovara opisu proizvoda navedenom na <a href=\"http:\/\/www.arancini.hr\"><em>www.arancini.hr<\/em><\/a>. Slika koja ilustrira proizvod na Internet stranici ne mora odgovarati stvarnom izgledu proizvoda te kupac ne mo\u017ee reklamirati ovaj segment.<\/p>\n<p>U slu\u010daju tehni\u010dke neispravnosti audio zapisa koji su pohranjeni na prijenosniku zvuka, prodavatelj preuzima potpunu odgovornost. U slu\u010daju tehni\u010dke neispravnosti, kupac je du\u017ean reklamirati proizvod u roku od 4 (\u010detiri) radna dana. Nakon \u0161to reklamira tehni\u010dku neispravnost kupac je du\u017ean po\u0161tom, uz dostavnicu, vratiti tehni\u010dki neispravan prijenosnik zvuka nakon \u010dega \u0107e prodavatelj u roku od 3(tri) radna dana poslati kupcu zamjenski proizvod, bez ikakve naknade. U slu\u010daju gore navedenog kupac nema pravo tra\u017eiti povrat novca, ve\u0107 isklju\u010divo zamjenski proizvod.<\/p>\n<p>Prodavatelj nije odgovoran za eventualna o\u0161te\u0107enja i ostale obveze koje se nalaze u domeni dostavlja\u010da (tvrtka koja obavlja poslove dostave proizvoda).<\/p>\n<p>Ako kupac odabere opciju downloada proizvoda te ne bude u mogu\u0107nosti obaviti download zbog tehni\u010dkih problema uzrokovanih na serveru prodavatelja prodavatelj se obvezuje poslati elektronsku po\u0161tu sa novom mogu\u0107nosti za download za \u0161to kupac ne snosi nikakve tro\u0161kove.<\/p>\n<p>U slu\u010daju da kupac niti tada ne bude u stanju obaviti download koji je uzrokovan zbog tehni\u010dkih problema na serveru prodavatelja, kupac je du\u017ean o tome kontaktirati prodajnu slu\u017ebu prodavatelja koja \u0107e ponuditi adekvatno rje\u0161enje koje u sebi ne\u0107e sadr\u017eavati nikakvu naknadu i daljnje tro\u0161kove od strane kupca. Kupac nema pravo tra\u017eiti povrat novca u ovoj situaciji.<\/p>\n<p>U slu\u010daju da kupac ne mo\u017ee preuzeti (download) proizvod, a tehni\u010dki problemi nisu vezani za prodavatelja, ve\u0107 su uzrokovani od strane kupca, operatera ili tre\u0107e osobe prodavatelj ne snosi nikakvu odgovornost i nije du\u017ean kupcu omogu\u0107iti download ili isporuku robe bez naknade.<\/p>\n<p>Kupac je u roku od 5 (pet) radnih dana du\u017ean preuzeti (download) proizvod, nakon toga vi\u0161e ne\u0107e mo\u0107i, bez obzira \u0161to je izvr\u0161io uplatu, preuzeti (download) proizvod. U ovom slu\u010daju kupac se odri\u010de bilo kakve reklamacije.<\/p>\n<h2>Za\u0161tita autorskih prava<\/h2>\n<p>Sva prava nakladnika i nositelja programa na snimljenom i tiskanom djelu su pridr\u017eana. Izdava\u010d i nakladnik je\u00a0<strong>RenBen hoteli d.o.o.<\/strong> Kupac se obvezuje da ne\u0107e neovla\u0161teno umno\u017eavati, izvoditi, koristi za radio difuziju te prodavati proizvode prodavatelja niti bilo koji dio tih proizvoda.<\/p>\n<h2>Op\u0107enito<\/h2>\n<p><strong>RenBen hoteli d.o.o.<\/strong>\u00a0zadr\u017eava pravo na izmjenu ovih uvjeta i pravila. Sve promjene primijenit \u0107e se na kori\u0161tenje stranice <a href=\"http:\/\/www.arancini.hr\"><em>www.arancini.hr<\/em><\/a>. Kupac snosi odgovornost za to\u010dnost i potpunost unesenih podataka prilikom kupovine.<\/p>\n<p>Usluge koje Vam pru\u017ea <a href=\"http:\/\/www.arancini.hr\"><em>www.arancini.hr<\/em><\/a> Internet prodavaonica ne uklju\u010duje tro\u0161kove koje snosite koriste\u0107i ra\u010dunalnu opremu i usluge za pristup na\u0161im stranicama.\u00a0<strong>RenBen hoteli d.o.o.<\/strong> nije odgovorna za tro\u0161kove telefona, Internet prometa ili bilo koje druge tro\u0161kove do kojih mo\u017ee do\u0107i.<\/p>\n<p>Iako Vam\u00a0<strong>RenBen hoteli d.o.o.<\/strong> nastoji dati najbolju mogu\u0107u ponudu usluga,\u00a0<strong>RenBen hoteli d.o.o.<\/strong> ne mo\u017ee garantirati da \u0107e usluge na <a href=\"http:\/\/www.arancini.hr\"><em>www.arancini.hr<\/em><\/a> odgovarati Va\u0161im potrebama.<\/p>\n<p><strong>RenBen hoteli d.o.o.<\/strong> tako\u0111er ne mo\u017ee garantirati da \u0107e usluga biti bez pogre\u0161aka. Ukoliko do\u0111e do pogre\u0161ke, molimo Vas da je prijavite na\u0161em Kontakt centru ili na e-mail\u00a0<a href=\"mailto:info@arbianahotel.com\"><span>info@arancini.hr<\/span><\/a> kako bismo je otklonili na najbr\u017ei mogu\u0107i na\u010din.<\/p>\n<h2>Izjava o konverziji valute<\/h2>\n<p>Sva pla\u0107anja biti \u0107e izvr\u0161ena u hrvatskoj valuti (HRK). Napla\u0107eni iznos na ra\u010dunu va\u0161e kreditne kartice pretvara se u va\u0161u lokalnu valutu prema te\u010daju udru\u017eenja.<\/p>\n<p>[\/et_pb_text][\/et_pb_column][\/et_pb_row][\/et_pb_section][et_pb_section fb_built=&#8221;1&#8243; admin_label=&#8221;Footer&#8221; _builder_version=&#8221;3.25.4&#8243; background_color=&#8221;#000000&#8243; animation_style=&#8221;slide&#8221; animation_direction=&#8221;bottom&#8221; animation_intensity_slide=&#8221;5%&#8221; saved_tabs=&#8221;all&#8221; global_module=&#8221;3163&#8243;][et_pb_row column_structure=&#8221;1_3,1_3,1_3&#8243; _builder_version=&#8221;3.25.4&#8243;][et_pb_column type=&#8221;1_3&#8243; _builder_version=&#8221;3.25.4&#8243;][et_pb_button button_url=&#8221;https:\/\/arancini.hr\/hr\/politika-privatnosti\/&#8221; button_text=&#8221;Politika privatnosti&#8221; _builder_version=&#8221;4.9.9&#8243; _module_preset=&#8221;default&#8221; custom_margin=&#8221;||8px|||&#8221;][\/et_pb_button][et_pb_button button_url=&#8221;https:\/\/arancini.hr\/hr\/sigurnost-placanja-kreditnim-karticama\/&#8221; button_text=&#8221;Sigurnost pla\u0107anja kreditnim karticama&#8221; _builder_version=&#8221;4.9.10&#8243; _module_preset=&#8221;default&#8221; custom_margin=&#8221;||13px|||&#8221;][\/et_pb_button][et_pb_button button_url=&#8221;https:\/\/arancini.hr\/hr\/kartica-drustva\/&#8221; button_text=&#8221;Pravne inforamacije&#8221; _builder_version=&#8221;4.9.10&#8243; _module_preset=&#8221;default&#8221;][\/et_pb_button][\/et_pb_column][et_pb_column type=&#8221;1_3&#8243; _builder_version=&#8221;3.25.4&#8243;][et_pb_image src=&#8221;https:\/\/arancini.hr\/wp-content\/uploads\/2020\/04\/ARANCINI-logo-web.png&#8221; _builder_version=&#8221;3.25.4&#8243; width=&#8221;68%&#8221; module_alignment=&#8221;left&#8221;][\/et_pb_image][\/et_pb_column][et_pb_column type=&#8221;1_3&#8243; _builder_version=&#8221;3.25.4&#8243;][et_pb_text _builder_version=&#8221;4.9.10&#8243; header_font=&#8221;||||||||&#8221; header_text_color=&#8221;#ffffff&#8221;]<\/p>\n<h1>KONTAKT<\/h1>\n<p>W: <a href=\"https:\/\/www.arancini.hr\">www.arancini.hr<br \/><\/a>E:\u00a0<a href=\"mailto:booking@arancini.hr\">booking@arancini.hr<\/a><br \/>T: +385 22 646 291<br \/>A: Ulica Stanka Mi\u0107ina 9D, 22211 Vodice<\/p>\n<p>[\/et_pb_text][\/et_pb_column][\/et_pb_row][\/et_pb_section]<\/p>\n","protected":false},"excerpt":{"rendered":"<p>Tajnost Va\u0161ih podataka je za\u0161ti\u0107ena i osigurana uporabom SSL enkripcije. Stranice za naplatu putem interneta osigurane su kori\u0161tenjem Secure Socket Layer (SSL) protokola sa 128-bitnom enkripcijom podataka. <\/p>\n","protected":false},"author":1,"featured_media":3507,"parent":0,"menu_order":0,"comment_status":"closed","ping_status":"closed","template":"","meta":{"_et_pb_use_builder":"on","_et_pb_old_content":"","_et_gb_content_width":"","footnotes":""},"class_list":["post-3697","page","type-page","status-publish","has-post-thumbnail","hentry"],"yoast_head":"<!-- This site is optimized with the Yoast SEO plugin v24.4 - https:\/\/yoast.com\/wordpress\/plugins\/seo\/ -->\n<title>Sigurnost pla\u0107anja kreditnim karticama - Arancini Residence<\/title>\n<meta name=\"robots\" content=\"index, follow, max-snippet:-1, max-image-preview:large, max-video-preview:-1\" \/>\n<link rel=\"canonical\" href=\"https:\/\/arancini.hr\/hr\/sigurnost-placanja-kreditnim-karticama\/\" \/>\n<meta property=\"og:locale\" content=\"hr_HR\" \/>\n<meta property=\"og:type\" content=\"article\" \/>\n<meta property=\"og:title\" content=\"Sigurnost pla\u0107anja kreditnim karticama - Arancini Residence\" \/>\n<meta property=\"og:description\" content=\"Tajnost Va\u0161ih podataka je za\u0161ti\u0107ena i osigurana uporabom SSL enkripcije. Stranice za naplatu putem interneta osigurane su kori\u0161tenjem Secure Socket Layer (SSL) protokola sa 128-bitnom enkripcijom podataka.\" \/>\n<meta property=\"og:url\" content=\"https:\/\/arancini.hr\/hr\/sigurnost-placanja-kreditnim-karticama\/\" \/>\n<meta property=\"og:site_name\" content=\"Arancini Residence\" \/>\n<meta property=\"article:modified_time\" content=\"2021-08-01T12:26:26+00:00\" \/>\n<meta property=\"og:image\" content=\"https:\/\/arancini.hr\/wp-content\/uploads\/2021\/06\/Z7V9704-scaled.jpg\" \/>\n\t<meta property=\"og:image:width\" content=\"2560\" \/>\n\t<meta property=\"og:image:height\" content=\"1706\" \/>\n\t<meta property=\"og:image:type\" content=\"image\/jpeg\" \/>\n<meta name=\"twitter:card\" content=\"summary_large_image\" \/>\n<meta name=\"twitter:label1\" content=\"Procijenjeno vrijeme \u010ditanja\" \/>\n\t<meta name=\"twitter:data1\" content=\"7 minuta\" \/>\n<script type=\"application\/ld+json\" class=\"yoast-schema-graph\">{\"@context\":\"https:\/\/schema.org\",\"@graph\":[{\"@type\":\"WebPage\",\"@id\":\"https:\/\/arancini.hr\/hr\/sigurnost-placanja-kreditnim-karticama\/\",\"url\":\"https:\/\/arancini.hr\/hr\/sigurnost-placanja-kreditnim-karticama\/\",\"name\":\"Sigurnost pla\u0107anja kreditnim karticama - Arancini Residence\",\"isPartOf\":{\"@id\":\"https:\/\/arancini.hr\/#website\"},\"primaryImageOfPage\":{\"@id\":\"https:\/\/arancini.hr\/hr\/sigurnost-placanja-kreditnim-karticama\/#primaryimage\"},\"image\":{\"@id\":\"https:\/\/arancini.hr\/hr\/sigurnost-placanja-kreditnim-karticama\/#primaryimage\"},\"thumbnailUrl\":\"https:\/\/arancini.hr\/wp-content\/uploads\/2021\/06\/Z7V9704-scaled.jpg\",\"datePublished\":\"2020-05-07T08:48:50+00:00\",\"dateModified\":\"2021-08-01T12:26:26+00:00\",\"breadcrumb\":{\"@id\":\"https:\/\/arancini.hr\/hr\/sigurnost-placanja-kreditnim-karticama\/#breadcrumb\"},\"inLanguage\":\"hr\",\"potentialAction\":[{\"@type\":\"ReadAction\",\"target\":[\"https:\/\/arancini.hr\/hr\/sigurnost-placanja-kreditnim-karticama\/\"]}]},{\"@type\":\"ImageObject\",\"inLanguage\":\"hr\",\"@id\":\"https:\/\/arancini.hr\/hr\/sigurnost-placanja-kreditnim-karticama\/#primaryimage\",\"url\":\"https:\/\/arancini.hr\/wp-content\/uploads\/2021\/06\/Z7V9704-scaled.jpg\",\"contentUrl\":\"https:\/\/arancini.hr\/wp-content\/uploads\/2021\/06\/Z7V9704-scaled.jpg\",\"width\":2560,\"height\":1706},{\"@type\":\"BreadcrumbList\",\"@id\":\"https:\/\/arancini.hr\/hr\/sigurnost-placanja-kreditnim-karticama\/#breadcrumb\",\"itemListElement\":[{\"@type\":\"ListItem\",\"position\":1,\"name\":\"Home\",\"item\":\"https:\/\/arancini.hr\/hr\/\"},{\"@type\":\"ListItem\",\"position\":2,\"name\":\"Sigurnost pla\u0107anja kreditnim karticama\"}]},{\"@type\":\"WebSite\",\"@id\":\"https:\/\/arancini.hr\/#website\",\"url\":\"https:\/\/arancini.hr\/\",\"name\":\"Arancini Residence\",\"description\":\"Odmor u srcu Dalmacije\",\"potentialAction\":[{\"@type\":\"SearchAction\",\"target\":{\"@type\":\"EntryPoint\",\"urlTemplate\":\"https:\/\/arancini.hr\/?s={search_term_string}\"},\"query-input\":{\"@type\":\"PropertyValueSpecification\",\"valueRequired\":true,\"valueName\":\"search_term_string\"}}],\"inLanguage\":\"hr\"}]}<\/script>\n<!-- \/ Yoast SEO plugin. -->","yoast_head_json":{"title":"Sigurnost pla\u0107anja kreditnim karticama - Arancini Residence","robots":{"index":"index","follow":"follow","max-snippet":"max-snippet:-1","max-image-preview":"max-image-preview:large","max-video-preview":"max-video-preview:-1"},"canonical":"https:\/\/arancini.hr\/hr\/sigurnost-placanja-kreditnim-karticama\/","og_locale":"hr_HR","og_type":"article","og_title":"Sigurnost pla\u0107anja kreditnim karticama - Arancini Residence","og_description":"Tajnost Va\u0161ih podataka je za\u0161ti\u0107ena i osigurana uporabom SSL enkripcije. Stranice za naplatu putem interneta osigurane su kori\u0161tenjem Secure Socket Layer (SSL) protokola sa 128-bitnom enkripcijom podataka.","og_url":"https:\/\/arancini.hr\/hr\/sigurnost-placanja-kreditnim-karticama\/","og_site_name":"Arancini Residence","article_modified_time":"2021-08-01T12:26:26+00:00","og_image":[{"width":2560,"height":1706,"url":"https:\/\/arancini.hr\/wp-content\/uploads\/2021\/06\/Z7V9704-scaled.jpg","type":"image\/jpeg"}],"twitter_card":"summary_large_image","twitter_misc":{"Procijenjeno vrijeme \u010ditanja":"7 minuta"},"schema":{"@context":"https:\/\/schema.org","@graph":[{"@type":"WebPage","@id":"https:\/\/arancini.hr\/hr\/sigurnost-placanja-kreditnim-karticama\/","url":"https:\/\/arancini.hr\/hr\/sigurnost-placanja-kreditnim-karticama\/","name":"Sigurnost pla\u0107anja kreditnim karticama - Arancini Residence","isPartOf":{"@id":"https:\/\/arancini.hr\/#website"},"primaryImageOfPage":{"@id":"https:\/\/arancini.hr\/hr\/sigurnost-placanja-kreditnim-karticama\/#primaryimage"},"image":{"@id":"https:\/\/arancini.hr\/hr\/sigurnost-placanja-kreditnim-karticama\/#primaryimage"},"thumbnailUrl":"https:\/\/arancini.hr\/wp-content\/uploads\/2021\/06\/Z7V9704-scaled.jpg","datePublished":"2020-05-07T08:48:50+00:00","dateModified":"2021-08-01T12:26:26+00:00","breadcrumb":{"@id":"https:\/\/arancini.hr\/hr\/sigurnost-placanja-kreditnim-karticama\/#breadcrumb"},"inLanguage":"hr","potentialAction":[{"@type":"ReadAction","target":["https:\/\/arancini.hr\/hr\/sigurnost-placanja-kreditnim-karticama\/"]}]},{"@type":"ImageObject","inLanguage":"hr","@id":"https:\/\/arancini.hr\/hr\/sigurnost-placanja-kreditnim-karticama\/#primaryimage","url":"https:\/\/arancini.hr\/wp-content\/uploads\/2021\/06\/Z7V9704-scaled.jpg","contentUrl":"https:\/\/arancini.hr\/wp-content\/uploads\/2021\/06\/Z7V9704-scaled.jpg","width":2560,"height":1706},{"@type":"BreadcrumbList","@id":"https:\/\/arancini.hr\/hr\/sigurnost-placanja-kreditnim-karticama\/#breadcrumb","itemListElement":[{"@type":"ListItem","position":1,"name":"Home","item":"https:\/\/arancini.hr\/hr\/"},{"@type":"ListItem","position":2,"name":"Sigurnost pla\u0107anja kreditnim karticama"}]},{"@type":"WebSite","@id":"https:\/\/arancini.hr\/#website","url":"https:\/\/arancini.hr\/","name":"Arancini Residence","description":"Odmor u srcu Dalmacije","potentialAction":[{"@type":"SearchAction","target":{"@type":"EntryPoint","urlTemplate":"https:\/\/arancini.hr\/?s={search_term_string}"},"query-input":{"@type":"PropertyValueSpecification","valueRequired":true,"valueName":"search_term_string"}}],"inLanguage":"hr"}]}},"_links":{"self":[{"href":"https:\/\/arancini.hr\/hr\/wp-json\/wp\/v2\/pages\/3697","targetHints":{"allow":["GET"]}}],"collection":[{"href":"https:\/\/arancini.hr\/hr\/wp-json\/wp\/v2\/pages"}],"about":[{"href":"https:\/\/arancini.hr\/hr\/wp-json\/wp\/v2\/types\/page"}],"author":[{"embeddable":true,"href":"https:\/\/arancini.hr\/hr\/wp-json\/wp\/v2\/users\/1"}],"replies":[{"embeddable":true,"href":"https:\/\/arancini.hr\/hr\/wp-json\/wp\/v2\/comments?post=3697"}],"version-history":[{"count":0,"href":"https:\/\/arancini.hr\/hr\/wp-json\/wp\/v2\/pages\/3697\/revisions"}],"wp:featuredmedia":[{"embeddable":true,"href":"https:\/\/arancini.hr\/hr\/wp-json\/wp\/v2\/media\/3507"}],"wp:attachment":[{"href":"https:\/\/arancini.hr\/hr\/wp-json\/wp\/v2\/media?parent=3697"}],"curies":[{"name":"wp","href":"https:\/\/api.w.org\/{rel}","templated":true}]}}