{"id":3617,"date":"2021-07-22T18:56:50","date_gmt":"2021-07-22T16:56:50","guid":{"rendered":"https:\/\/arancini.hr\/?page_id=3617"},"modified":"2023-03-22T21:07:04","modified_gmt":"2023-03-22T20:07:04","slug":"posebne-ponude","status":"publish","type":"page","link":"https:\/\/arancini.hr\/hr\/posebne-ponude\/","title":{"rendered":"Posebne ponude"},"content":{"rendered":"<p>[et_pb_section fb_built=&#8221;1&#8243; _builder_version=&#8221;4.16&#8243; _module_preset=&#8221;default&#8221; custom_padding=&#8221;||0px|||&#8221; animation_style=&#8221;flip&#8221; global_colors_info=&#8221;{}&#8221;][et_pb_row _builder_version=&#8221;4.16&#8243; _module_preset=&#8221;default&#8221; global_colors_info=&#8221;{}&#8221;][et_pb_column type=&#8221;4_4&#8243; _builder_version=&#8221;4.16&#8243; _module_preset=&#8221;default&#8221; global_colors_info=&#8221;{}&#8221;][et_pb_text _builder_version=&#8221;4.16&#8243; _module_preset=&#8221;default&#8221; global_colors_info=&#8221;{}&#8221;]<\/p>\n<h1><strong>POSEBNE PONUDE<\/strong><\/h1>\n<p><strong><span><\/span><\/strong><\/p>\n<p><strong><span>Sa direktnom rezervacijom ostvarujete dodatne pogodnosti!<\/span><\/strong><\/p>\n<p><strong><span>U\u017eivajte u posebnim ponudama u udobnim apartmanima u novom Arancini Residence 4* aparthotelu.<\/span><\/strong><\/p>\n<p><strong><span>Rezervirajte Va\u0161 savr\u0161eni apartman i neka Va\u0161 odmor iz snova zapo\u010dne!<\/span><\/strong><\/p>\n<p>[\/et_pb_text][\/et_pb_column][\/et_pb_row][et_pb_row column_structure=&#8221;1_3,1_3,1_3&#8243; _builder_version=&#8221;4.16&#8243; _module_preset=&#8221;default&#8221; border_width_bottom=&#8221;2px&#8221; global_colors_info=&#8221;{}&#8221; custom_padding=&#8221;||81px|||&#8221;][et_pb_column type=&#8221;1_3&#8243; _builder_version=&#8221;4.16&#8243; _module_preset=&#8221;default&#8221; global_colors_info=&#8221;{}&#8221;][et_pb_image src=&#8221;https:\/\/arancini.hr\/wp-content\/uploads\/2021\/07\/Z7V9882-scaled.jpg&#8221; alt=&#8221;Sauna&#8221; title_text=&#8221;Sauna&#8221; url=&#8221;https:\/\/arancini.hr\/hr\/posebne-ponude\/spa-relax\/&#8221; use_overlay=&#8221;on&#8221; overlay_icon_color=&#8221;#000000&#8243; hover_icon=&#8221;&#x26;||divi||400&#8243; force_fullwidth=&#8221;on&#8221; align_tablet=&#8221;center&#8221; align_phone=&#8221;&#8221; align_last_edited=&#8221;on|desktop&#8221; _builder_version=&#8221;4.20.2&#8243; animation_style=&#8221;slide&#8221; animation_direction=&#8221;bottom&#8221; animation_delay=&#8221;100ms&#8221; animation_intensity_slide=&#8221;5%&#8221; hover_enabled=&#8221;0&#8243; locked=&#8221;off&#8221; global_colors_info=&#8221;{}&#8221; sticky_enabled=&#8221;0&#8243;][\/et_pb_image][et_pb_text _builder_version=&#8221;4.20.2&#8243; header_font=&#8221;||||||||&#8221; header_4_font=&#8221;|700||on|||||&#8221; header_4_font_size=&#8221;12px&#8221; header_4_letter_spacing=&#8221;2px&#8221; header_4_line_height=&#8221;1.8em&#8221; custom_margin=&#8221;||15px|&#8221; link_option_url=&#8221;https:\/\/arancini.hr\/hr\/posebne-ponude\/spa-relax\/&#8221; hover_enabled=&#8221;0&#8243; locked=&#8221;off&#8221; global_colors_info=&#8221;{}&#8221; sticky_enabled=&#8221;0&#8243;]<\/p>\n<h4>Spa relax<\/h4>\n<p>[\/et_pb_text][et_pb_divider divider_weight=&#8221;2px&#8221; _builder_version=&#8221;4.16&#8243; _module_preset=&#8221;default&#8221; width=&#8221;30%&#8221; custom_margin=&#8221;-15px||-5px||false|false&#8221; global_colors_info=&#8221;{}&#8221;][\/et_pb_divider][et_pb_text _builder_version=&#8221;4.16&#8243; _module_preset=&#8221;default&#8221; custom_margin=&#8221;||||false|false&#8221; global_colors_info=&#8221;{}&#8221;]<\/p>\n<p><b>Vrijedi od <span>07.04. \u2013 31.10.2023.<\/span><\/b><\/p>\n<p><b><span lang=\"ES-TRAD\">Apartman ve\u0107 od 126 \u20ac na no\u0107<\/span><\/b><\/p>\n<p>[\/et_pb_text][et_pb_button button_url=&#8221;https:\/\/arancini.hr\/hr\/posebne-ponude\/spa-relax\/&#8221; button_text=&#8221;SAZNAJ VI\u0160E&#8221; _builder_version=&#8221;4.20.2&#8243; _module_preset=&#8221;default&#8221; animation_style=&#8221;zoom&#8221; hover_enabled=&#8221;0&#8243; box_shadow_style=&#8221;preset1&#8243; global_colors_info=&#8221;{}&#8221; sticky_enabled=&#8221;0&#8243;][\/et_pb_button][\/et_pb_column][et_pb_column type=&#8221;1_3&#8243; _builder_version=&#8221;4.16&#8243; _module_preset=&#8221;default&#8221; global_colors_info=&#8221;{}&#8221;][et_pb_image src=&#8221;https:\/\/arancini.hr\/wp-content\/uploads\/2021\/07\/sunset-beach-people-sunrise-40815-scaled.jpg&#8221; alt=&#8221;Family Fun&#8221; title_text=&#8221;sunset-beach-people-sunrise-40815&#8243; url=&#8221;https:\/\/arancini.hr\/hr\/posebne-ponude\/family-fun\/&#8221; use_overlay=&#8221;on&#8221; overlay_icon_color=&#8221;#000000&#8243; hover_icon=&#8221;&#x26;||divi||400&#8243; force_fullwidth=&#8221;on&#8221; align_tablet=&#8221;center&#8221; align_phone=&#8221;&#8221; align_last_edited=&#8221;on|desktop&#8221; _builder_version=&#8221;4.20.2&#8243; animation_style=&#8221;slide&#8221; animation_direction=&#8221;bottom&#8221; animation_delay=&#8221;200ms&#8221; animation_intensity_slide=&#8221;5%&#8221; hover_enabled=&#8221;0&#8243; locked=&#8221;off&#8221; global_colors_info=&#8221;{}&#8221; sticky_enabled=&#8221;0&#8243;][\/et_pb_image][et_pb_text _builder_version=&#8221;4.20.2&#8243; header_font=&#8221;||||||||&#8221; header_4_font=&#8221;|700||on|||||&#8221; header_4_font_size=&#8221;12px&#8221; header_4_letter_spacing=&#8221;2px&#8221; header_4_line_height=&#8221;1.8em&#8221; custom_margin=&#8221;||15px|&#8221; link_option_url=&#8221;https:\/\/arancini.hr\/hr\/posebne-ponude\/family-fun\/&#8221; hover_enabled=&#8221;0&#8243; locked=&#8221;off&#8221; global_colors_info=&#8221;{}&#8221; sticky_enabled=&#8221;0&#8243;]<\/p>\n<h4>FAMILY FUN<\/h4>\n<p>[\/et_pb_text][et_pb_divider divider_weight=&#8221;2px&#8221; _builder_version=&#8221;4.16&#8243; _module_preset=&#8221;default&#8221; width=&#8221;30%&#8221; custom_margin=&#8221;-15px||-5px||false|false&#8221; global_colors_info=&#8221;{}&#8221;][\/et_pb_divider][et_pb_text _builder_version=&#8221;4.16&#8243; _module_preset=&#8221;default&#8221; custom_margin=&#8221;||||false|false&#8221; custom_padding=&#8221;||||false|false&#8221; global_colors_info=&#8221;{}&#8221;]<\/p>\n<p><b>Vrijedi od <span>07.04. \u2013 31.10.2023.<\/span><\/b><\/p>\n<p style=\"font-weight: 400;\"><strong>Apartman ve\u0107 od 152 \u20ac na no\u0107<\/strong><\/p>\n<p>[\/et_pb_text][et_pb_button button_url=&#8221;https:\/\/arancini.hr\/hr\/posebne-ponude\/family-fun\/&#8221; button_text=&#8221;SAZNAJ VI\u0160E&#8221; _builder_version=&#8221;4.20.2&#8243; _module_preset=&#8221;default&#8221; animation_style=&#8221;zoom&#8221; hover_enabled=&#8221;0&#8243; box_shadow_style=&#8221;preset1&#8243; global_colors_info=&#8221;{}&#8221; sticky_enabled=&#8221;0&#8243;][\/et_pb_button][\/et_pb_column][et_pb_column type=&#8221;1_3&#8243; _builder_version=&#8221;4.16&#8243; _module_preset=&#8221;default&#8221; global_colors_info=&#8221;{}&#8221;][et_pb_image src=&#8221;https:\/\/arancini.hr\/wp-content\/uploads\/2021\/07\/Z7V9188-scaled.jpg&#8221; alt=&#8221;Gourmet&#8221; title_text=&#8221;Gourmet&#8221; url=&#8221;https:\/\/arancini.hr\/hr\/posebne-ponude\/gourmet-surprise-2\/&#8221; use_overlay=&#8221;on&#8221; overlay_icon_color=&#8221;#000000&#8243; hover_icon=&#8221;&#x26;||divi||400&#8243; force_fullwidth=&#8221;on&#8221; align_tablet=&#8221;center&#8221; align_phone=&#8221;&#8221; align_last_edited=&#8221;on|desktop&#8221; _builder_version=&#8221;4.20.2&#8243; animation_style=&#8221;slide&#8221; animation_direction=&#8221;bottom&#8221; animation_delay=&#8221;200ms&#8221; animation_intensity_slide=&#8221;5%&#8221; hover_enabled=&#8221;0&#8243; locked=&#8221;off&#8221; global_colors_info=&#8221;{}&#8221; sticky_enabled=&#8221;0&#8243;][\/et_pb_image][et_pb_text _builder_version=&#8221;4.20.2&#8243; header_font=&#8221;||||||||&#8221; header_4_font=&#8221;|700||on|||||&#8221; header_4_font_size=&#8221;12px&#8221; header_4_letter_spacing=&#8221;2px&#8221; header_4_line_height=&#8221;1.8em&#8221; custom_margin=&#8221;||15px|&#8221; link_option_url=&#8221;https:\/\/arancini.hr\/hr\/posebne-ponude\/gourmet-surprise-2\/&#8221; hover_enabled=&#8221;0&#8243; locked=&#8221;off&#8221; global_colors_info=&#8221;{}&#8221; sticky_enabled=&#8221;0&#8243;]<\/p>\n<h4>GOURMET SURPRISE<\/h4>\n<p>[\/et_pb_text][et_pb_divider divider_weight=&#8221;2px&#8221; _builder_version=&#8221;4.16&#8243; _module_preset=&#8221;default&#8221; width=&#8221;30%&#8221; custom_margin=&#8221;-15px||-5px||false|false&#8221; global_colors_info=&#8221;{}&#8221;][\/et_pb_divider][et_pb_text _builder_version=&#8221;4.16&#8243; _module_preset=&#8221;default&#8221; custom_margin=&#8221;||||false|false&#8221; custom_padding=&#8221;||||false|false&#8221; global_colors_info=&#8221;{}&#8221;]<\/p>\n<p><b>Vrijedi od <\/b><b><span>07.04. \u2013 30.06. &amp; 01.09. \u2013 31.10.2023.<\/span><\/b><\/p>\n<p style=\"font-weight: 400;\"><strong>Apartman ve\u0107 od 112 \u20ac na no\u0107<\/strong><\/p>\n<p>[\/et_pb_text][et_pb_button button_url=&#8221;https:\/\/arancini.hr\/hr\/posebne-ponude\/gourmet-surprise-2\/&#8221; button_text=&#8221;SAZNAJ VI\u0160E&#8221; _builder_version=&#8221;4.20.2&#8243; _module_preset=&#8221;default&#8221; animation_style=&#8221;zoom&#8221; hover_enabled=&#8221;0&#8243; box_shadow_style=&#8221;preset1&#8243; global_colors_info=&#8221;{}&#8221; sticky_enabled=&#8221;0&#8243;][\/et_pb_button][\/et_pb_column][\/et_pb_row][\/et_pb_section][et_pb_section fb_built=&#8221;1&#8243; admin_label=&#8221;Footer&#8221; _builder_version=&#8221;4.16&#8243; background_color=&#8221;#000000&#8243; animation_style=&#8221;slide&#8221; animation_direction=&#8221;bottom&#8221; animation_intensity_slide=&#8221;5%&#8221; saved_tabs=&#8221;all&#8221; global_colors_info=&#8221;{}&#8221;][et_pb_row column_structure=&#8221;1_3,1_3,1_3&#8243; _builder_version=&#8221;4.16&#8243; global_colors_info=&#8221;{}&#8221;][et_pb_column type=&#8221;1_3&#8243; _builder_version=&#8221;4.16&#8243; global_colors_info=&#8221;{}&#8221;][et_pb_image src=&#8221;https:\/\/arancini.hr\/wp-content\/uploads\/2020\/04\/ARANCINI-logo-web.png&#8221; _builder_version=&#8221;4.16&#8243; width=&#8221;68%&#8221; module_alignment=&#8221;left&#8221; global_colors_info=&#8221;{}&#8221;][\/et_pb_image][\/et_pb_column][et_pb_column type=&#8221;1_3&#8243; _builder_version=&#8221;4.16&#8243; global_colors_info=&#8221;{}&#8221;][\/et_pb_column][et_pb_column type=&#8221;1_3&#8243; _builder_version=&#8221;4.16&#8243; global_colors_info=&#8221;{}&#8221;][et_pb_text _builder_version=&#8221;4.16&#8243; header_font=&#8221;||||||||&#8221; header_text_color=&#8221;#ffffff&#8221; custom_padding=&#8221;1px|||||&#8221; global_colors_info=&#8221;{}&#8221;]<\/p>\n<h1>KONTAKT<\/h1>\n<p>W: <a href=\"https:\/\/www.arancini.hr\">www.arancini.hr<br \/> <\/a>E: <a href=\"mailto:booking@arancini.hr\">booking@arancini.hr<\/a><br \/> T: +385 22 646 290<br \/> A: Ulica Stanka Mi\u0107ina 9D, 22211 Vodice<\/p>\n<p>[\/et_pb_text][\/et_pb_column][\/et_pb_row][\/et_pb_section]<\/p>\n","protected":false},"excerpt":{"rendered":"<p>POSEBNE PONUDE Sa direktnom rezervacijom ostvarujete dodatne pogodnosti! U\u017eivajte u posebnim ponudama u udobnim apartmanima u novom Arancini Residence 4* aparthotelu. Rezervirajte Va\u0161 savr\u0161eni apartman i neka Va\u0161 odmor iz snova zapo\u010dne!Spa relaxVrijedi od 07.04. \u2013 31.10.2023. Apartman ve\u0107 od 126 \u20ac na no\u0107FAMILY FUNVrijedi od 07.04. \u2013 31.10.2023. Apartman ve\u0107 od 152 \u20ac na [&hellip;]<\/p>\n","protected":false},"author":5,"featured_media":3193,"parent":0,"menu_order":0,"comment_status":"closed","ping_status":"closed","template":"","meta":{"_et_pb_use_builder":"on","_et_pb_old_content":"","_et_gb_content_width":"","footnotes":""},"class_list":["post-3617","page","type-page","status-publish","has-post-thumbnail","hentry"],"yoast_head":"<!-- This site is optimized with the Yoast SEO plugin v24.4 - https:\/\/yoast.com\/wordpress\/plugins\/seo\/ -->\n<title>Posebne ponude - Arancini Residence<\/title>\n<meta name=\"description\" content=\"Posebne ponude i paketi u udobnom Arancini Residence 4* u Vodicama. Savr\u0161en apartman za tvoj odmor iz snova! Rezerviraj odmah!\" \/>\n<meta name=\"robots\" content=\"index, follow, max-snippet:-1, max-image-preview:large, max-video-preview:-1\" \/>\n<link rel=\"canonical\" href=\"https:\/\/arancini.hr\/hr\/posebne-ponude\/\" \/>\n<meta property=\"og:locale\" content=\"hr_HR\" \/>\n<meta property=\"og:type\" content=\"article\" \/>\n<meta property=\"og:title\" content=\"Posebne ponude - Arancini Residence\" \/>\n<meta property=\"og:description\" content=\"Posebne ponude i paketi u udobnom Arancini Residence 4* u Vodicama. Savr\u0161en apartman za tvoj odmor iz snova! Rezerviraj odmah!\" \/>\n<meta property=\"og:url\" content=\"https:\/\/arancini.hr\/hr\/posebne-ponude\/\" \/>\n<meta property=\"og:site_name\" content=\"Arancini Residence\" \/>\n<meta property=\"article:modified_time\" content=\"2023-03-22T20:07:04+00:00\" \/>\n<meta property=\"og:image\" content=\"https:\/\/arancini.hr\/wp-content\/uploads\/2020\/02\/Arancini-Hotel-Vodice19.jpg\" \/>\n\t<meta property=\"og:image:width\" content=\"1600\" \/>\n\t<meta property=\"og:image:height\" content=\"1067\" \/>\n\t<meta property=\"og:image:type\" content=\"image\/jpeg\" \/>\n<meta name=\"twitter:card\" content=\"summary_large_image\" \/>\n<meta name=\"twitter:label1\" content=\"Procijenjeno vrijeme \u010ditanja\" \/>\n\t<meta name=\"twitter:data1\" content=\"2 minute\" \/>\n<script type=\"application\/ld+json\" class=\"yoast-schema-graph\">{\"@context\":\"https:\/\/schema.org\",\"@graph\":[{\"@type\":\"WebPage\",\"@id\":\"https:\/\/arancini.hr\/hr\/posebne-ponude\/\",\"url\":\"https:\/\/arancini.hr\/hr\/posebne-ponude\/\",\"name\":\"Posebne ponude - Arancini Residence\",\"isPartOf\":{\"@id\":\"https:\/\/arancini.hr\/#website\"},\"primaryImageOfPage\":{\"@id\":\"https:\/\/arancini.hr\/hr\/posebne-ponude\/#primaryimage\"},\"image\":{\"@id\":\"https:\/\/arancini.hr\/hr\/posebne-ponude\/#primaryimage\"},\"thumbnailUrl\":\"https:\/\/arancini.hr\/wp-content\/uploads\/2020\/02\/Arancini-Hotel-Vodice19.jpg\",\"datePublished\":\"2021-07-22T16:56:50+00:00\",\"dateModified\":\"2023-03-22T20:07:04+00:00\",\"description\":\"Posebne ponude i paketi u udobnom Arancini Residence 4* u Vodicama. Savr\u0161en apartman za tvoj odmor iz snova! Rezerviraj odmah!\",\"breadcrumb\":{\"@id\":\"https:\/\/arancini.hr\/hr\/posebne-ponude\/#breadcrumb\"},\"inLanguage\":\"hr\",\"potentialAction\":[{\"@type\":\"ReadAction\",\"target\":[\"https:\/\/arancini.hr\/hr\/posebne-ponude\/\"]}]},{\"@type\":\"ImageObject\",\"inLanguage\":\"hr\",\"@id\":\"https:\/\/arancini.hr\/hr\/posebne-ponude\/#primaryimage\",\"url\":\"https:\/\/arancini.hr\/wp-content\/uploads\/2020\/02\/Arancini-Hotel-Vodice19.jpg\",\"contentUrl\":\"https:\/\/arancini.hr\/wp-content\/uploads\/2020\/02\/Arancini-Hotel-Vodice19.jpg\",\"width\":1600,\"height\":1067,\"caption\":\"Food at the Aparthotel Arancini Vodice\"},{\"@type\":\"BreadcrumbList\",\"@id\":\"https:\/\/arancini.hr\/hr\/posebne-ponude\/#breadcrumb\",\"itemListElement\":[{\"@type\":\"ListItem\",\"position\":1,\"name\":\"Home\",\"item\":\"https:\/\/arancini.hr\/hr\/\"},{\"@type\":\"ListItem\",\"position\":2,\"name\":\"Posebne ponude\"}]},{\"@type\":\"WebSite\",\"@id\":\"https:\/\/arancini.hr\/#website\",\"url\":\"https:\/\/arancini.hr\/\",\"name\":\"Arancini Residence\",\"description\":\"Odmor u srcu Dalmacije\",\"potentialAction\":[{\"@type\":\"SearchAction\",\"target\":{\"@type\":\"EntryPoint\",\"urlTemplate\":\"https:\/\/arancini.hr\/?s={search_term_string}\"},\"query-input\":{\"@type\":\"PropertyValueSpecification\",\"valueRequired\":true,\"valueName\":\"search_term_string\"}}],\"inLanguage\":\"hr\"}]}<\/script>\n<!-- \/ Yoast SEO plugin. -->","yoast_head_json":{"title":"Posebne ponude - Arancini Residence","description":"Posebne ponude i paketi u udobnom Arancini Residence 4* u Vodicama. Savr\u0161en apartman za tvoj odmor iz snova! Rezerviraj odmah!","robots":{"index":"index","follow":"follow","max-snippet":"max-snippet:-1","max-image-preview":"max-image-preview:large","max-video-preview":"max-video-preview:-1"},"canonical":"https:\/\/arancini.hr\/hr\/posebne-ponude\/","og_locale":"hr_HR","og_type":"article","og_title":"Posebne ponude - Arancini Residence","og_description":"Posebne ponude i paketi u udobnom Arancini Residence 4* u Vodicama. Savr\u0161en apartman za tvoj odmor iz snova! Rezerviraj odmah!","og_url":"https:\/\/arancini.hr\/hr\/posebne-ponude\/","og_site_name":"Arancini Residence","article_modified_time":"2023-03-22T20:07:04+00:00","og_image":[{"width":1600,"height":1067,"url":"https:\/\/arancini.hr\/wp-content\/uploads\/2020\/02\/Arancini-Hotel-Vodice19.jpg","type":"image\/jpeg"}],"twitter_card":"summary_large_image","twitter_misc":{"Procijenjeno vrijeme \u010ditanja":"2 minute"},"schema":{"@context":"https:\/\/schema.org","@graph":[{"@type":"WebPage","@id":"https:\/\/arancini.hr\/hr\/posebne-ponude\/","url":"https:\/\/arancini.hr\/hr\/posebne-ponude\/","name":"Posebne ponude - Arancini Residence","isPartOf":{"@id":"https:\/\/arancini.hr\/#website"},"primaryImageOfPage":{"@id":"https:\/\/arancini.hr\/hr\/posebne-ponude\/#primaryimage"},"image":{"@id":"https:\/\/arancini.hr\/hr\/posebne-ponude\/#primaryimage"},"thumbnailUrl":"https:\/\/arancini.hr\/wp-content\/uploads\/2020\/02\/Arancini-Hotel-Vodice19.jpg","datePublished":"2021-07-22T16:56:50+00:00","dateModified":"2023-03-22T20:07:04+00:00","description":"Posebne ponude i paketi u udobnom Arancini Residence 4* u Vodicama. Savr\u0161en apartman za tvoj odmor iz snova! Rezerviraj odmah!","breadcrumb":{"@id":"https:\/\/arancini.hr\/hr\/posebne-ponude\/#breadcrumb"},"inLanguage":"hr","potentialAction":[{"@type":"ReadAction","target":["https:\/\/arancini.hr\/hr\/posebne-ponude\/"]}]},{"@type":"ImageObject","inLanguage":"hr","@id":"https:\/\/arancini.hr\/hr\/posebne-ponude\/#primaryimage","url":"https:\/\/arancini.hr\/wp-content\/uploads\/2020\/02\/Arancini-Hotel-Vodice19.jpg","contentUrl":"https:\/\/arancini.hr\/wp-content\/uploads\/2020\/02\/Arancini-Hotel-Vodice19.jpg","width":1600,"height":1067,"caption":"Food at the Aparthotel Arancini Vodice"},{"@type":"BreadcrumbList","@id":"https:\/\/arancini.hr\/hr\/posebne-ponude\/#breadcrumb","itemListElement":[{"@type":"ListItem","position":1,"name":"Home","item":"https:\/\/arancini.hr\/hr\/"},{"@type":"ListItem","position":2,"name":"Posebne ponude"}]},{"@type":"WebSite","@id":"https:\/\/arancini.hr\/#website","url":"https:\/\/arancini.hr\/","name":"Arancini Residence","description":"Odmor u srcu Dalmacije","potentialAction":[{"@type":"SearchAction","target":{"@type":"EntryPoint","urlTemplate":"https:\/\/arancini.hr\/?s={search_term_string}"},"query-input":{"@type":"PropertyValueSpecification","valueRequired":true,"valueName":"search_term_string"}}],"inLanguage":"hr"}]}},"_links":{"self":[{"href":"https:\/\/arancini.hr\/hr\/wp-json\/wp\/v2\/pages\/3617","targetHints":{"allow":["GET"]}}],"collection":[{"href":"https:\/\/arancini.hr\/hr\/wp-json\/wp\/v2\/pages"}],"about":[{"href":"https:\/\/arancini.hr\/hr\/wp-json\/wp\/v2\/types\/page"}],"author":[{"embeddable":true,"href":"https:\/\/arancini.hr\/hr\/wp-json\/wp\/v2\/users\/5"}],"replies":[{"embeddable":true,"href":"https:\/\/arancini.hr\/hr\/wp-json\/wp\/v2\/comments?post=3617"}],"version-history":[{"count":0,"href":"https:\/\/arancini.hr\/hr\/wp-json\/wp\/v2\/pages\/3617\/revisions"}],"wp:featuredmedia":[{"embeddable":true,"href":"https:\/\/arancini.hr\/hr\/wp-json\/wp\/v2\/media\/3193"}],"wp:attachment":[{"href":"https:\/\/arancini.hr\/hr\/wp-json\/wp\/v2\/media?parent=3617"}],"curies":[{"name":"wp","href":"https:\/\/api.w.org\/{rel}","templated":true}]}}