{"id":3280,"date":"2020-04-19T13:25:15","date_gmt":"2020-04-19T11:25:15","guid":{"rendered":"https:\/\/arancini.hr\/smjestaj\/two-bedroom-apartment-with-sea-view-and-balcony\/"},"modified":"2022-04-13T17:16:37","modified_gmt":"2022-04-13T15:16:37","slug":"dvosobni-apartman-s-balkonom-i-pogledom-na-more-2","status":"publish","type":"page","link":"https:\/\/arancini.hr\/hr\/smjestaj\/dvosobni-apartman-s-balkonom-i-pogledom-na-more-2\/","title":{"rendered":"Dvosobni apartman s balkonom i pogledom na more"},"content":{"rendered":"<p>[et_pb_section fb_built=&#8221;1&#8243; admin_label=&#8221;About&#8221; _builder_version=&#8221;3.22.3&#8243; custom_padding=&#8221;0px||0px||false&#8221; collapsed=&#8221;off&#8221; global_colors_info=&#8221;{}&#8221;][et_pb_row column_structure=&#8221;1_2,1_2&#8243; make_equal=&#8221;on&#8221; padding_top_bottom_link_2=&#8221;false&#8221; padding_left_right_link_2=&#8221;false&#8221; _builder_version=&#8221;3.25.4&#8243; background_color=&#8221;#f7f7f7&#8243; width=&#8221;100%&#8221; max_width=&#8221;100%&#8221; min_height=&#8221;697px&#8221; custom_margin=&#8221;|auto|0px|auto||&#8221; custom_padding=&#8221;0px||0px||true&#8221; use_custom_width=&#8221;on&#8221; width_unit=&#8221;off&#8221; custom_width_percent=&#8221;100%&#8221; global_colors_info=&#8221;{}&#8221;][et_pb_column type=&#8221;1_2&#8243; _builder_version=&#8221;3.25.4&#8243; background_image=&#8221;https:\/\/arancini.hr\/wp-content\/uploads\/2020\/02\/grafika.png&#8221; background_size=&#8221;initial&#8221; background_position=&#8221;top_right&#8221; custom_padding=&#8221;3vw|3vw|6vw|5vw&#8221; custom_padding_tablet=&#8221;|10%||10%||true&#8221; custom_padding_phone=&#8221;|3vw||3vw&#8221; custom_padding_last_edited=&#8221;on|tablet&#8221; global_colors_info=&#8221;{}&#8221; custom_padding__hover=&#8221;|||&#8221;][et_pb_text _builder_version=&#8221;3.27.4&#8243; header_font=&#8221;||||||||&#8221; header_2_font=&#8221;Frank Ruhl Libre||||||||&#8221; header_2_font_size=&#8221;48px&#8221; header_2_line_height=&#8221;1.4em&#8221; max_width=&#8221;700px&#8221; header_2_font_size_tablet=&#8221;&#8221; header_2_font_size_phone=&#8221;28px&#8221; header_2_font_size_last_edited=&#8221;on|desktop&#8221; global_colors_info=&#8221;{}&#8221;]<\/p>\n<h2>Dvosobni apartman s balkonom i pogledom na more<\/h2>\n<p>[\/et_pb_text][et_pb_divider color=&#8221;#979797&#8243; divider_weight=&#8221;2px&#8221; _builder_version=&#8221;3.12.2&#8243; max_width=&#8221;100px&#8221; global_colors_info=&#8221;{}&#8221;][\/et_pb_divider][et_pb_text _builder_version=&#8221;3.27.4&#8243; header_font=&#8221;||||||||&#8221; header_2_font=&#8221;Frank Ruhl Libre||||||||&#8221; header_2_font_size=&#8221;22px&#8221; header_2_line_height=&#8221;1.4em&#8221; max_width=&#8221;700px&#8221; header_2_font_size_tablet=&#8221;&#8221; header_2_font_size_phone=&#8221;28px&#8221; header_2_font_size_last_edited=&#8221;on|desktop&#8221; global_colors_info=&#8221;{}&#8221;]<\/p>\n<h2>Ovaj klimatizirani apartman sastoji se od dvije spava\u0107e sobe s kupaonicom (svaka soba svoja kupaonica). Ima mini kuhinju s blagavaonicom, dnevnu sobu s kau\u010dom te balkon sa sjede\u0107om garniturom.<\/h2>\n<p>[\/et_pb_text][et_pb_text _builder_version=&#8221;3.27.4&#8243; text_font=&#8221;||||||||&#8221; text_font_size=&#8221;13px&#8221; text_line_height=&#8221;1.8em&#8221; max_width=&#8221;700px&#8221; custom_margin=&#8221;|||&#8221; global_colors_info=&#8221;{}&#8221;]<span><strong>Sadr\u017eaji:<\/strong> sef, besplatna kozmetika u kupaoni, fen, ogrta\u010d za kupanje i papu\u010de, satelitska televizija, telefon, besplatan wi-fi, fri\u017eider, kuhalo za vodu, mikrovalna pe\u0107nica te osnovna oprema za kuhanje.<br \/>\n<\/span><\/p>\n<p><span><strong>Veli\u010dina apartmana:<\/strong> 67 metara kvadratnih<br \/>\n<\/span><\/p>\n<p><span><strong>Veli\u010dina kreveta: <\/strong><\/span><span>2 kreveta100 x 200 cm povezana u veliki krevet (u jednoj spava\u0107oj sobi), 2 kreveta100 x 200 cm (u drugoj spava\u0107oj sobi), kau\u010d na razvla\u010denje 160 x 200 cm (u dnevnom boravku)<\/span><\/p>\n<p>Posteljina i ru\u010dnici nalaze se u sobi.<\/p>\n<p><strong>Kori\u0161tenje fitnesa i vanjskog bazena s le\u017ealjkama je na raspolaganju potpuno besplatno. <\/strong><\/p>\n<p><strong>Besplatan parking je dostupan u sklopu objekta.<br \/>\n<\/strong><\/p>\n<p><strong><\/strong><\/p>\n<p>&nbsp;<br \/>\n<strong><\/strong><\/p>\n<p><strong><\/strong>[\/et_pb_text][et_pb_button button_url=&#8221;https:\/\/secure.phobs.net\/booking.php?company_id=14543c00ea4f2e0a207beafc35927416&#038;hotel=620847d144a1226ea7b85b39ca78f7a7&#038;lang=hr&#038;unit_id=27033&#8243; url_new_window=&#8221;on&#8221; button_text=&#8221;Rezerviraj&#8221; _builder_version=&#8221;4.14.7&#8243; button_icon=&#8221;&#x24;||divi||400&#8243; button_on_hover=&#8221;off&#8221; background_layout=&#8221;dark&#8221; custom_margin=&#8221;|||&#8221; custom_padding=&#8221;16px|60px|16px|60px|true|true&#8221; animation_style=&#8221;slide&#8221; animation_direction=&#8221;left&#8221; animation_intensity_slide=&#8221;10%&#8221; hover_enabled=&#8221;0&#8243; box_shadow_style=&#8221;preset4&#8243; box_shadow_horizontal=&#8221;-10px&#8221; box_shadow_vertical=&#8221;0px&#8221; box_shadow_color=&#8221;#e8b279&#8243; saved_tabs=&#8221;all&#8221; global_colors_info=&#8221;{}&#8221; button_text_size__hover_enabled=&#8221;off&#8221; button_one_text_size__hover_enabled=&#8221;off&#8221; button_two_text_size__hover_enabled=&#8221;off&#8221; button_text_color__hover_enabled=&#8221;off&#8221; button_one_text_color__hover_enabled=&#8221;off&#8221; button_two_text_color__hover_enabled=&#8221;off&#8221; button_border_width__hover_enabled=&#8221;off&#8221; button_one_border_width__hover_enabled=&#8221;off&#8221; button_two_border_width__hover_enabled=&#8221;off&#8221; button_border_color__hover_enabled=&#8221;off&#8221; button_one_border_color__hover_enabled=&#8221;off&#8221; button_two_border_color__hover_enabled=&#8221;off&#8221; button_border_radius__hover_enabled=&#8221;off&#8221; button_one_border_radius__hover_enabled=&#8221;off&#8221; button_two_border_radius__hover_enabled=&#8221;off&#8221; button_letter_spacing__hover_enabled=&#8221;off&#8221; button_one_letter_spacing__hover_enabled=&#8221;off&#8221; button_two_letter_spacing__hover_enabled=&#8221;off&#8221; button_bg_color__hover_enabled=&#8221;off&#8221; button_one_bg_color__hover_enabled=&#8221;off&#8221; button_two_bg_color__hover_enabled=&#8221;off&#8221; sticky_enabled=&#8221;0&#8243;][\/et_pb_button][et_pb_button button_url=&#8221;https:\/\/arancini.hr\/hr\/smjestaj\/&#8221; button_text=&#8221;Istra\u017ei ostale apartmane&#8221; _builder_version=&#8221;4.13.0&#8243; button_icon=&#8221;&#x24;||divi||400&#8243; button_on_hover=&#8221;off&#8221; background_layout=&#8221;dark&#8221; custom_margin=&#8221;|||&#8221; custom_padding=&#8221;16px|60px|16px|60px|true|true&#8221; animation_style=&#8221;slide&#8221; animation_direction=&#8221;left&#8221; animation_intensity_slide=&#8221;10%&#8221; box_shadow_style=&#8221;preset4&#8243; box_shadow_horizontal=&#8221;-10px&#8221; box_shadow_vertical=&#8221;0px&#8221; box_shadow_color=&#8221;#e8b279&#8243; global_module=&#8221;3260&#8243; saved_tabs=&#8221;all&#8221; global_colors_info=&#8221;{}&#8221; button_text_size__hover_enabled=&#8221;off&#8221; button_one_text_size__hover_enabled=&#8221;off&#8221; button_two_text_size__hover_enabled=&#8221;off&#8221; button_text_color__hover_enabled=&#8221;off&#8221; button_one_text_color__hover_enabled=&#8221;off&#8221; button_two_text_color__hover_enabled=&#8221;off&#8221; button_border_width__hover_enabled=&#8221;off&#8221; button_one_border_width__hover_enabled=&#8221;off&#8221; button_two_border_width__hover_enabled=&#8221;off&#8221; button_border_color__hover_enabled=&#8221;off&#8221; button_one_border_color__hover_enabled=&#8221;off&#8221; button_two_border_color__hover_enabled=&#8221;off&#8221; button_border_radius__hover_enabled=&#8221;off&#8221; button_one_border_radius__hover_enabled=&#8221;off&#8221; button_two_border_radius__hover_enabled=&#8221;off&#8221; button_letter_spacing__hover_enabled=&#8221;off&#8221; button_one_letter_spacing__hover_enabled=&#8221;off&#8221; button_two_letter_spacing__hover_enabled=&#8221;off&#8221; button_bg_color__hover_enabled=&#8221;off&#8221; button_one_bg_color__hover_enabled=&#8221;off&#8221; button_two_bg_color__hover_enabled=&#8221;off&#8221;][\/et_pb_button][\/et_pb_column][et_pb_column type=&#8221;1_2&#8243; _builder_version=&#8221;3.25.4&#8243; custom_padding=&#8221;|||&#8221; global_colors_info=&#8221;{}&#8221; custom_padding__hover=&#8221;|||&#8221;][et_pb_gallery gallery_ids=&#8221;3503,3507,3476,3501,3505,3513,3483,3511,3509,3499,3401,3495,3493,3489,3487,3497,3491,3515&#8243; fullwidth=&#8221;on&#8221; _builder_version=&#8221;3.25.4&#8243; global_colors_info=&#8221;{}&#8221;][\/et_pb_gallery][et_pb_image src=&#8221;https:\/\/arancini.hr\/wp-content\/uploads\/2020\/04\/Two-Bedroom-apartment28.jpg&#8221; _builder_version=&#8221;3.25.4&#8243; global_colors_info=&#8221;{}&#8221;][\/et_pb_image][\/et_pb_column][\/et_pb_row][\/et_pb_section][et_pb_section fb_built=&#8221;1&#8243; admin_label=&#8221;Footer&#8221; _builder_version=&#8221;3.25.4&#8243; background_color=&#8221;#000000&#8243; animation_style=&#8221;slide&#8221; animation_direction=&#8221;bottom&#8221; animation_intensity_slide=&#8221;5%&#8221; saved_tabs=&#8221;all&#8221; global_colors_info=&#8221;{}&#8221;][et_pb_row column_structure=&#8221;1_3,1_3,1_3&#8243; _builder_version=&#8221;3.25.4&#8243; global_colors_info=&#8221;{}&#8221;][et_pb_column type=&#8221;1_3&#8243; _builder_version=&#8221;3.25.4&#8243; global_colors_info=&#8221;{}&#8221;][et_pb_image src=&#8221;https:\/\/arancini.hr\/wp-content\/uploads\/2020\/04\/ARANCINI-logo-web.png&#8221; _builder_version=&#8221;3.25.4&#8243; width=&#8221;68%&#8221; module_alignment=&#8221;left&#8221; global_colors_info=&#8221;{}&#8221;][\/et_pb_image][\/et_pb_column][et_pb_column type=&#8221;1_3&#8243; _builder_version=&#8221;3.25.4&#8243; global_colors_info=&#8221;{}&#8221;][\/et_pb_column][et_pb_column type=&#8221;1_3&#8243; _builder_version=&#8221;3.25.4&#8243; global_colors_info=&#8221;{}&#8221;][et_pb_text _builder_version=&#8221;3.27.4&#8243; header_font=&#8221;||||||||&#8221; header_text_color=&#8221;#ffffff&#8221; custom_padding=&#8221;1px|||||&#8221; global_colors_info=&#8221;{}&#8221;]<\/p>\n<h1>KONTAKT<\/h1>\n<p>W: <a href=\"https:\/\/www.arancini.hr\">www.arancini.hr<br \/> <\/a>E: <a href=\"mailto:booking@arancini.hr\">booking@arancini.hr<\/a><br \/> T: +385 22 646 290<br \/> A: Ulica Stanka Mi\u0107ina 9D, 22211 Vodice<\/p>\n<p>[\/et_pb_text][\/et_pb_column][\/et_pb_row][\/et_pb_section]<\/p>\n","protected":false},"excerpt":{"rendered":"<p>This air-conditioned apartment with sea view consists of two bedrooms and has two bathrooms with walk-in shower (one in bedroom). It has kitchenette with dinning area, living room with sofa and a balcony with a sitting area.<\/p>\n","protected":false},"author":1,"featured_media":3282,"parent":3203,"menu_order":0,"comment_status":"closed","ping_status":"closed","template":"","meta":{"_et_pb_use_builder":"on","_et_pb_old_content":"","_et_gb_content_width":"","footnotes":""},"class_list":["post-3280","page","type-page","status-publish","has-post-thumbnail","hentry"],"yoast_head":"<!-- This site is optimized with the Yoast SEO plugin v24.4 - https:\/\/yoast.com\/wordpress\/plugins\/seo\/ -->\n<title>Dvosobni apartman s balkonom i pogledom na more - Arancini Residence<\/title>\n<meta name=\"description\" content=\"Two-Bedroom Apartment with Sea View and balcony consists of 2 bedrooms, 2 bathrooms with shower, kitchenette, living room and a balcony with a sitting area.\" \/>\n<meta name=\"robots\" content=\"index, follow, max-snippet:-1, max-image-preview:large, max-video-preview:-1\" \/>\n<link rel=\"canonical\" href=\"https:\/\/arancini.hr\/hr\/smjestaj\/dvosobni-apartman-s-balkonom-i-pogledom-na-more-2\/\" \/>\n<meta property=\"og:locale\" content=\"hr_HR\" \/>\n<meta property=\"og:type\" content=\"article\" \/>\n<meta property=\"og:title\" content=\"Dvosobni apartman s balkonom i pogledom na more - Arancini Residence\" \/>\n<meta property=\"og:description\" content=\"Two-Bedroom Apartment with Sea View and balcony consists of 2 bedrooms, 2 bathrooms with shower, kitchenette, living room and a balcony with a sitting area.\" \/>\n<meta property=\"og:url\" content=\"https:\/\/arancini.hr\/hr\/smjestaj\/dvosobni-apartman-s-balkonom-i-pogledom-na-more-2\/\" \/>\n<meta property=\"og:site_name\" content=\"Arancini Residence\" \/>\n<meta property=\"article:modified_time\" content=\"2022-04-13T15:16:37+00:00\" \/>\n<meta property=\"og:image\" content=\"https:\/\/arancini.hr\/wp-content\/uploads\/2020\/04\/Two-Bedroom-apartment23.jpg\" \/>\n\t<meta property=\"og:image:width\" content=\"1200\" \/>\n\t<meta property=\"og:image:height\" content=\"675\" \/>\n\t<meta property=\"og:image:type\" content=\"image\/jpeg\" \/>\n<meta name=\"twitter:card\" content=\"summary_large_image\" \/>\n<meta name=\"twitter:label1\" content=\"Procijenjeno vrijeme \u010ditanja\" \/>\n\t<meta name=\"twitter:data1\" content=\"5 minuta\" \/>\n<script type=\"application\/ld+json\" class=\"yoast-schema-graph\">{\"@context\":\"https:\/\/schema.org\",\"@graph\":[{\"@type\":\"WebPage\",\"@id\":\"https:\/\/arancini.hr\/hr\/smjestaj\/dvosobni-apartman-s-balkonom-i-pogledom-na-more-2\/\",\"url\":\"https:\/\/arancini.hr\/hr\/smjestaj\/dvosobni-apartman-s-balkonom-i-pogledom-na-more-2\/\",\"name\":\"Dvosobni apartman s balkonom i pogledom na more - Arancini Residence\",\"isPartOf\":{\"@id\":\"https:\/\/arancini.hr\/#website\"},\"primaryImageOfPage\":{\"@id\":\"https:\/\/arancini.hr\/hr\/smjestaj\/dvosobni-apartman-s-balkonom-i-pogledom-na-more-2\/#primaryimage\"},\"image\":{\"@id\":\"https:\/\/arancini.hr\/hr\/smjestaj\/dvosobni-apartman-s-balkonom-i-pogledom-na-more-2\/#primaryimage\"},\"thumbnailUrl\":\"https:\/\/arancini.hr\/wp-content\/uploads\/2020\/04\/Two-Bedroom-apartment23.jpg\",\"datePublished\":\"2020-04-19T11:25:15+00:00\",\"dateModified\":\"2022-04-13T15:16:37+00:00\",\"description\":\"Two-Bedroom Apartment with Sea View and balcony consists of 2 bedrooms, 2 bathrooms with shower, kitchenette, living room and a balcony with a sitting area.\",\"breadcrumb\":{\"@id\":\"https:\/\/arancini.hr\/hr\/smjestaj\/dvosobni-apartman-s-balkonom-i-pogledom-na-more-2\/#breadcrumb\"},\"inLanguage\":\"hr\",\"potentialAction\":[{\"@type\":\"ReadAction\",\"target\":[\"https:\/\/arancini.hr\/hr\/smjestaj\/dvosobni-apartman-s-balkonom-i-pogledom-na-more-2\/\"]}]},{\"@type\":\"ImageObject\",\"inLanguage\":\"hr\",\"@id\":\"https:\/\/arancini.hr\/hr\/smjestaj\/dvosobni-apartman-s-balkonom-i-pogledom-na-more-2\/#primaryimage\",\"url\":\"https:\/\/arancini.hr\/wp-content\/uploads\/2020\/04\/Two-Bedroom-apartment23.jpg\",\"contentUrl\":\"https:\/\/arancini.hr\/wp-content\/uploads\/2020\/04\/Two-Bedroom-apartment23.jpg\",\"width\":1200,\"height\":675},{\"@type\":\"BreadcrumbList\",\"@id\":\"https:\/\/arancini.hr\/hr\/smjestaj\/dvosobni-apartman-s-balkonom-i-pogledom-na-more-2\/#breadcrumb\",\"itemListElement\":[{\"@type\":\"ListItem\",\"position\":1,\"name\":\"Home\",\"item\":\"https:\/\/arancini.hr\/hr\/\"},{\"@type\":\"ListItem\",\"position\":2,\"name\":\"Smje\u0161taj\",\"item\":\"https:\/\/arancini.hr\/hr\/smjestaj\/\"},{\"@type\":\"ListItem\",\"position\":3,\"name\":\"Dvosobni apartman s balkonom i pogledom na more\"}]},{\"@type\":\"WebSite\",\"@id\":\"https:\/\/arancini.hr\/#website\",\"url\":\"https:\/\/arancini.hr\/\",\"name\":\"Arancini Residence\",\"description\":\"Odmor u srcu Dalmacije\",\"potentialAction\":[{\"@type\":\"SearchAction\",\"target\":{\"@type\":\"EntryPoint\",\"urlTemplate\":\"https:\/\/arancini.hr\/?s={search_term_string}\"},\"query-input\":{\"@type\":\"PropertyValueSpecification\",\"valueRequired\":true,\"valueName\":\"search_term_string\"}}],\"inLanguage\":\"hr\"}]}<\/script>\n<!-- \/ Yoast SEO plugin. -->","yoast_head_json":{"title":"Dvosobni apartman s balkonom i pogledom na more - Arancini Residence","description":"Two-Bedroom Apartment with Sea View and balcony consists of 2 bedrooms, 2 bathrooms with shower, kitchenette, living room and a balcony with a sitting area.","robots":{"index":"index","follow":"follow","max-snippet":"max-snippet:-1","max-image-preview":"max-image-preview:large","max-video-preview":"max-video-preview:-1"},"canonical":"https:\/\/arancini.hr\/hr\/smjestaj\/dvosobni-apartman-s-balkonom-i-pogledom-na-more-2\/","og_locale":"hr_HR","og_type":"article","og_title":"Dvosobni apartman s balkonom i pogledom na more - Arancini Residence","og_description":"Two-Bedroom Apartment with Sea View and balcony consists of 2 bedrooms, 2 bathrooms with shower, kitchenette, living room and a balcony with a sitting area.","og_url":"https:\/\/arancini.hr\/hr\/smjestaj\/dvosobni-apartman-s-balkonom-i-pogledom-na-more-2\/","og_site_name":"Arancini Residence","article_modified_time":"2022-04-13T15:16:37+00:00","og_image":[{"width":1200,"height":675,"url":"https:\/\/arancini.hr\/wp-content\/uploads\/2020\/04\/Two-Bedroom-apartment23.jpg","type":"image\/jpeg"}],"twitter_card":"summary_large_image","twitter_misc":{"Procijenjeno vrijeme \u010ditanja":"5 minuta"},"schema":{"@context":"https:\/\/schema.org","@graph":[{"@type":"WebPage","@id":"https:\/\/arancini.hr\/hr\/smjestaj\/dvosobni-apartman-s-balkonom-i-pogledom-na-more-2\/","url":"https:\/\/arancini.hr\/hr\/smjestaj\/dvosobni-apartman-s-balkonom-i-pogledom-na-more-2\/","name":"Dvosobni apartman s balkonom i pogledom na more - Arancini Residence","isPartOf":{"@id":"https:\/\/arancini.hr\/#website"},"primaryImageOfPage":{"@id":"https:\/\/arancini.hr\/hr\/smjestaj\/dvosobni-apartman-s-balkonom-i-pogledom-na-more-2\/#primaryimage"},"image":{"@id":"https:\/\/arancini.hr\/hr\/smjestaj\/dvosobni-apartman-s-balkonom-i-pogledom-na-more-2\/#primaryimage"},"thumbnailUrl":"https:\/\/arancini.hr\/wp-content\/uploads\/2020\/04\/Two-Bedroom-apartment23.jpg","datePublished":"2020-04-19T11:25:15+00:00","dateModified":"2022-04-13T15:16:37+00:00","description":"Two-Bedroom Apartment with Sea View and balcony consists of 2 bedrooms, 2 bathrooms with shower, kitchenette, living room and a balcony with a sitting area.","breadcrumb":{"@id":"https:\/\/arancini.hr\/hr\/smjestaj\/dvosobni-apartman-s-balkonom-i-pogledom-na-more-2\/#breadcrumb"},"inLanguage":"hr","potentialAction":[{"@type":"ReadAction","target":["https:\/\/arancini.hr\/hr\/smjestaj\/dvosobni-apartman-s-balkonom-i-pogledom-na-more-2\/"]}]},{"@type":"ImageObject","inLanguage":"hr","@id":"https:\/\/arancini.hr\/hr\/smjestaj\/dvosobni-apartman-s-balkonom-i-pogledom-na-more-2\/#primaryimage","url":"https:\/\/arancini.hr\/wp-content\/uploads\/2020\/04\/Two-Bedroom-apartment23.jpg","contentUrl":"https:\/\/arancini.hr\/wp-content\/uploads\/2020\/04\/Two-Bedroom-apartment23.jpg","width":1200,"height":675},{"@type":"BreadcrumbList","@id":"https:\/\/arancini.hr\/hr\/smjestaj\/dvosobni-apartman-s-balkonom-i-pogledom-na-more-2\/#breadcrumb","itemListElement":[{"@type":"ListItem","position":1,"name":"Home","item":"https:\/\/arancini.hr\/hr\/"},{"@type":"ListItem","position":2,"name":"Smje\u0161taj","item":"https:\/\/arancini.hr\/hr\/smjestaj\/"},{"@type":"ListItem","position":3,"name":"Dvosobni apartman s balkonom i pogledom na more"}]},{"@type":"WebSite","@id":"https:\/\/arancini.hr\/#website","url":"https:\/\/arancini.hr\/","name":"Arancini Residence","description":"Odmor u srcu Dalmacije","potentialAction":[{"@type":"SearchAction","target":{"@type":"EntryPoint","urlTemplate":"https:\/\/arancini.hr\/?s={search_term_string}"},"query-input":{"@type":"PropertyValueSpecification","valueRequired":true,"valueName":"search_term_string"}}],"inLanguage":"hr"}]}},"_links":{"self":[{"href":"https:\/\/arancini.hr\/hr\/wp-json\/wp\/v2\/pages\/3280","targetHints":{"allow":["GET"]}}],"collection":[{"href":"https:\/\/arancini.hr\/hr\/wp-json\/wp\/v2\/pages"}],"about":[{"href":"https:\/\/arancini.hr\/hr\/wp-json\/wp\/v2\/types\/page"}],"author":[{"embeddable":true,"href":"https:\/\/arancini.hr\/hr\/wp-json\/wp\/v2\/users\/1"}],"replies":[{"embeddable":true,"href":"https:\/\/arancini.hr\/hr\/wp-json\/wp\/v2\/comments?post=3280"}],"version-history":[{"count":0,"href":"https:\/\/arancini.hr\/hr\/wp-json\/wp\/v2\/pages\/3280\/revisions"}],"up":[{"embeddable":true,"href":"https:\/\/arancini.hr\/hr\/wp-json\/wp\/v2\/pages\/3203"}],"wp:featuredmedia":[{"embeddable":true,"href":"https:\/\/arancini.hr\/hr\/wp-json\/wp\/v2\/media\/3282"}],"wp:attachment":[{"href":"https:\/\/arancini.hr\/hr\/wp-json\/wp\/v2\/media?parent=3280"}],"curies":[{"name":"wp","href":"https:\/\/api.w.org\/{rel}","templated":true}]}}