{"id":3210,"date":"2020-05-06T12:26:07","date_gmt":"2020-05-06T10:26:07","guid":{"rendered":"https:\/\/arancini.hr\/legal\/"},"modified":"2025-03-06T09:15:49","modified_gmt":"2025-03-06T08:15:49","slug":"kartica-drustva","status":"publish","type":"page","link":"https:\/\/arancini.hr\/hr\/kartica-drustva\/","title":{"rendered":"Kartica dru\u0161tva"},"content":{"rendered":"<p>[et_pb_section fb_built=&#8221;1&#8243; admin_label=&#8221;About&#8221; _builder_version=&#8221;4.16&#8243; custom_padding=&#8221;0px||0px||false&#8221; collapsed=&#8221;off&#8221; global_colors_info=&#8221;{}&#8221;][et_pb_row column_structure=&#8221;1_3,2_3&#8243; make_equal=&#8221;on&#8221; padding_top_bottom_link_2=&#8221;false&#8221; padding_left_right_link_2=&#8221;false&#8221; _builder_version=&#8221;4.16&#8243; background_color=&#8221;rgba(0,0,0,0.08)&#8221; width=&#8221;100%&#8221; max_width=&#8221;100%&#8221; min_height=&#8221;697px&#8221; custom_padding=&#8221;0px||0px||true&#8221; use_custom_width=&#8221;on&#8221; width_unit=&#8221;off&#8221; custom_width_percent=&#8221;100%&#8221; global_colors_info=&#8221;{}&#8221;][et_pb_column type=&#8221;1_3&#8243; _builder_version=&#8221;4.16&#8243; background_image=&#8221;https:\/\/arancini.hr\/wp-content\/uploads\/2020\/03\/arancini-hotel-homepage.jpg&#8221; custom_padding=&#8221;|||&#8221; global_colors_info=&#8221;{}&#8221; custom_padding__hover=&#8221;|||&#8221;][et_pb_divider show_divider=&#8221;off&#8221; _builder_version=&#8221;4.16&#8243; height=&#8221;300px&#8221; global_colors_info=&#8221;{}&#8221;][\/et_pb_divider][\/et_pb_column][et_pb_column type=&#8221;2_3&#8243; _builder_version=&#8221;4.16&#8243; background_image=&#8221;https:\/\/arancini.hr\/wp-content\/uploads\/2020\/02\/grafika.png&#8221; background_size=&#8221;initial&#8221; background_position=&#8221;top_right&#8221; custom_padding=&#8221;6vw|10vw|12vw|5vw&#8221; custom_padding_tablet=&#8221;|10%||10%||true&#8221; custom_padding_phone=&#8221;|3vw||3vw&#8221; custom_padding_last_edited=&#8221;on|tablet&#8221; global_colors_info=&#8221;{}&#8221; custom_padding__hover=&#8221;|||&#8221;][et_pb_text _builder_version=&#8221;4.16&#8243; header_font=&#8221;||||||||&#8221; header_2_font=&#8221;Frank Ruhl Libre||||||||&#8221; header_2_font_size=&#8221;48px&#8221; header_2_line_height=&#8221;1.4em&#8221; max_width=&#8221;700px&#8221; header_2_font_size_tablet=&#8221;&#8221; header_2_font_size_phone=&#8221;28px&#8221; header_2_font_size_last_edited=&#8221;on|desktop&#8221; global_colors_info=&#8221;{}&#8221;]<\/p>\n<h2>Kartica dru\u0161tva<\/h2>\n<p>[\/et_pb_text][et_pb_divider color=&#8221;#979797&#8243; divider_weight=&#8221;2px&#8221; _builder_version=&#8221;4.16&#8243; max_width=&#8221;100px&#8221; global_colors_info=&#8221;{}&#8221;][\/et_pb_divider][et_pb_text _builder_version=&#8221;4.16&#8243; global_colors_info=&#8221;{}&#8221;]<\/p>\n<h3>ARANCINI RESIDENCE d.o.o.<\/h3>\n<p>OIB: 16840504653<br \/>Registracijski broj: 110149921<\/p>\n<p>Sjedi\u0161te: Srima (Grad Vodice) Srima I 100B<br \/>Member of the Management Board and Executive Director: Zvonimir Silov<br \/>The amount of the share capital of the company, and whether the share capital fully paid: 2.500,00 euro<\/p>\n<p>ARANCINI RESIDENCE d.o.o. (limited liability company) listed in the register of the Commercial Court in Zadar<\/p>\n<p>&nbsp;<\/p>\n<p>[\/et_pb_text][\/et_pb_column][\/et_pb_row][\/et_pb_section][et_pb_section fb_built=&#8221;1&#8243; admin_label=&#8221;Footer&#8221; _builder_version=&#8221;3.25.4&#8243; background_color=&#8221;#000000&#8243; animation_style=&#8221;slide&#8221; animation_direction=&#8221;bottom&#8221; animation_intensity_slide=&#8221;5%&#8221; global_module=&#8221;3163&#8243; saved_tabs=&#8221;all&#8221; global_colors_info=&#8221;{}&#8221;][et_pb_row column_structure=&#8221;1_3,1_3,1_3&#8243; _builder_version=&#8221;4.16&#8243; global_colors_info=&#8221;{}&#8221;][et_pb_column type=&#8221;1_3&#8243; _builder_version=&#8221;4.16&#8243; global_colors_info=&#8221;{}&#8221;][et_pb_button button_url=&#8221;https:\/\/arancini.hr\/hr\/politika-privatnosti\/&#8221; button_text=&#8221;Politika privatnosti&#8221; _builder_version=&#8221;4.16&#8243; _module_preset=&#8221;default&#8221; custom_margin=&#8221;||8px|||&#8221; global_colors_info=&#8221;{}&#8221;][\/et_pb_button][et_pb_button button_url=&#8221;https:\/\/arancini.hr\/hr\/sigurnost-placanja-kreditnim-karticama\/&#8221; button_text=&#8221;Sigurnost pla\u0107anja kreditnim karticama&#8221; _builder_version=&#8221;4.16&#8243; _module_preset=&#8221;default&#8221; custom_margin=&#8221;||13px|||&#8221; global_colors_info=&#8221;{}&#8221;][\/et_pb_button][et_pb_button button_url=&#8221;https:\/\/arancini.hr\/hr\/kartica-drustva\/&#8221; button_text=&#8221;Pravne inforamacije&#8221; _builder_version=&#8221;4.16&#8243; _module_preset=&#8221;default&#8221; global_colors_info=&#8221;{}&#8221;][\/et_pb_button][et_pb_image src=&#8221;https:\/\/arancini.hr\/wp-content\/uploads\/2020\/04\/ARANCINI-logo-web.png&#8221; _builder_version=&#8221;4.16&#8243; width=&#8221;68%&#8221; module_alignment=&#8221;left&#8221; global_colors_info=&#8221;{}&#8221;][\/et_pb_image][\/et_pb_column][et_pb_column type=&#8221;1_3&#8243; _builder_version=&#8221;4.16&#8243; global_colors_info=&#8221;{}&#8221;][et_pb_text _builder_version=&#8221;4.16&#8243; header_font=&#8221;||||||||&#8221; header_text_color=&#8221;#ffffff&#8221; global_colors_info=&#8221;{}&#8221;]<\/p>\n<h1>KONTAKT<\/h1>\n<p>W: <a href=\"https:\/\/www.arancini.hr\">www.arancini.hr<br \/><\/a>E:\u00a0<a href=\"mailto:booking@arancini.hr\">booking@arancini.hr<\/a><br \/>T: +385 22 646 291<br \/>A: Ulica Stanka Mi\u0107ina 9D, 22211 Vodice<\/p>\n<p>[\/et_pb_text][et_pb_social_media_follow _builder_version=&#8221;4.17.4&#8243; _module_preset=&#8221;default&#8221; custom_margin=&#8221;20px||||false|false&#8221; global_colors_info=&#8221;{}&#8221;][et_pb_social_media_follow_network social_network=&#8221;facebook&#8221; url=&#8221;https:\/\/www.facebook.com\/aranciniresidence&#8221; _builder_version=&#8221;4.16&#8243; _module_preset=&#8221;default&#8221; background_color=&#8221;#000000&#8243; background_enable_color=&#8221;on&#8221; global_colors_info=&#8221;{}&#8221; follow_button=&#8221;off&#8221; url_new_window=&#8221;on&#8221;]facebook[\/et_pb_social_media_follow_network][et_pb_social_media_follow_network social_network=&#8221;instagram&#8221; url=&#8221;https:\/\/www.instagram.com\/arancini_residence\/&#8221; _builder_version=&#8221;4.16&#8243; _module_preset=&#8221;default&#8221; background_color=&#8221;#000000&#8243; background_enable_color=&#8221;on&#8221; global_colors_info=&#8221;{}&#8221; follow_button=&#8221;off&#8221; url_new_window=&#8221;on&#8221;]instagram[\/et_pb_social_media_follow_network][et_pb_social_media_follow_network social_network=&#8221;youtube&#8221; url=&#8221;https:\/\/www.youtube.com\/channel\/UCLVxfUh0Zq0TvBG85TiiD0w&#8221; _builder_version=&#8221;4.17.4&#8243; _module_preset=&#8221;default&#8221; background_enable_color=&#8221;off&#8221; global_colors_info=&#8221;{}&#8221; follow_button=&#8221;off&#8221; url_new_window=&#8221;on&#8221;]youtube[\/et_pb_social_media_follow_network][\/et_pb_social_media_follow][\/et_pb_column][et_pb_column type=&#8221;1_3&#8243; _builder_version=&#8221;4.16&#8243; global_colors_info=&#8221;{}&#8221;][et_pb_text _builder_version=&#8221;4.16&#8243; header_font=&#8221;||||||||&#8221; header_text_color=&#8221;#ffffff&#8221; global_colors_info=&#8221;{}&#8221;]<\/p>\n<h1>NEWSLETTER<\/h1>\n<p>[\/et_pb_text][et_pb_text _builder_version=&#8221;4.16&#8243; _module_preset=&#8221;default&#8221; text_text_color=&#8221;#FFFFFF&#8221; global_colors_info=&#8221;{}&#8221;]<\/p>\n<p><span>Prijavite se i ostvarite dodatne pogodnosti uz na\u0161e posebne ponude!<\/span><\/p>\n<p>[\/et_pb_text][et_pb_button button_url=&#8221;https:\/\/arancini.hr\/hr\/newsletter-sign-up&#8221; button_text=&#8221;Prijavi se&#8221; _builder_version=&#8221;4.16&#8243; _module_preset=&#8221;default&#8221; custom_button=&#8221;on&#8221; button_text_color=&#8221;#000000&#8243; button_bg_color=&#8221;#FFFFFF&#8221; global_colors_info=&#8221;{}&#8221;][\/et_pb_button][\/et_pb_column][\/et_pb_row][\/et_pb_section]<\/p>\n","protected":false},"excerpt":{"rendered":"<p>Kartica dru\u0161tvaARANCINI RESIDENCE d.o.o. OIB: 16840504653Registracijski broj: 110149921 Sjedi\u0161te: Srima (Grad Vodice) Srima I 100BMember of the Management Board and Executive Director: Zvonimir SilovThe amount of the share capital of the company, and whether the share capital fully paid: 2.500,00 euro ARANCINI RESIDENCE d.o.o. (limited liability company) listed in the register of the Commercial Court [&hellip;]<\/p>\n","protected":false},"author":1,"featured_media":0,"parent":0,"menu_order":0,"comment_status":"closed","ping_status":"closed","template":"","meta":{"_et_pb_use_builder":"on","_et_pb_old_content":"","_et_gb_content_width":"","footnotes":""},"class_list":["post-3210","page","type-page","status-publish","hentry"],"yoast_head":"<!-- This site is optimized with the Yoast SEO plugin v24.4 - https:\/\/yoast.com\/wordpress\/plugins\/seo\/ -->\n<title>Kartica dru\u0161tva - Arancini Residence<\/title>\n<meta name=\"robots\" content=\"index, follow, max-snippet:-1, max-image-preview:large, max-video-preview:-1\" \/>\n<link rel=\"canonical\" href=\"https:\/\/arancini.hr\/hr\/kartica-drustva\/\" \/>\n<meta property=\"og:locale\" content=\"hr_HR\" \/>\n<meta property=\"og:type\" content=\"article\" \/>\n<meta property=\"og:title\" content=\"Kartica dru\u0161tva - Arancini Residence\" \/>\n<meta property=\"og:description\" content=\"Kartica dru\u0161tvaARANCINI RESIDENCE d.o.o. OIB: 16840504653Registracijski broj: 110149921 Sjedi\u0161te: Srima (Grad Vodice) Srima I 100BMember of the Management Board and Executive Director: Zvonimir SilovThe amount of the share capital of the company, and whether the share capital fully paid: 2.500,00 euro ARANCINI RESIDENCE d.o.o. (limited liability company) listed in the register of the Commercial Court [&hellip;]\" \/>\n<meta property=\"og:url\" content=\"https:\/\/arancini.hr\/hr\/kartica-drustva\/\" \/>\n<meta property=\"og:site_name\" content=\"Arancini Residence\" \/>\n<meta property=\"article:modified_time\" content=\"2025-03-06T08:15:49+00:00\" \/>\n<meta name=\"twitter:card\" content=\"summary_large_image\" \/>\n<meta name=\"twitter:label1\" content=\"Procijenjeno vrijeme \u010ditanja\" \/>\n\t<meta name=\"twitter:data1\" content=\"4 minute\" \/>\n<script type=\"application\/ld+json\" class=\"yoast-schema-graph\">{\"@context\":\"https:\/\/schema.org\",\"@graph\":[{\"@type\":\"WebPage\",\"@id\":\"https:\/\/arancini.hr\/hr\/kartica-drustva\/\",\"url\":\"https:\/\/arancini.hr\/hr\/kartica-drustva\/\",\"name\":\"Kartica dru\u0161tva - Arancini Residence\",\"isPartOf\":{\"@id\":\"https:\/\/arancini.hr\/#website\"},\"datePublished\":\"2020-05-06T10:26:07+00:00\",\"dateModified\":\"2025-03-06T08:15:49+00:00\",\"breadcrumb\":{\"@id\":\"https:\/\/arancini.hr\/hr\/kartica-drustva\/#breadcrumb\"},\"inLanguage\":\"hr\",\"potentialAction\":[{\"@type\":\"ReadAction\",\"target\":[\"https:\/\/arancini.hr\/hr\/kartica-drustva\/\"]}]},{\"@type\":\"BreadcrumbList\",\"@id\":\"https:\/\/arancini.hr\/hr\/kartica-drustva\/#breadcrumb\",\"itemListElement\":[{\"@type\":\"ListItem\",\"position\":1,\"name\":\"Home\",\"item\":\"https:\/\/arancini.hr\/hr\/\"},{\"@type\":\"ListItem\",\"position\":2,\"name\":\"Kartica dru\u0161tva\"}]},{\"@type\":\"WebSite\",\"@id\":\"https:\/\/arancini.hr\/#website\",\"url\":\"https:\/\/arancini.hr\/\",\"name\":\"Arancini Residence\",\"description\":\"Odmor u srcu Dalmacije\",\"potentialAction\":[{\"@type\":\"SearchAction\",\"target\":{\"@type\":\"EntryPoint\",\"urlTemplate\":\"https:\/\/arancini.hr\/?s={search_term_string}\"},\"query-input\":{\"@type\":\"PropertyValueSpecification\",\"valueRequired\":true,\"valueName\":\"search_term_string\"}}],\"inLanguage\":\"hr\"}]}<\/script>\n<!-- \/ Yoast SEO plugin. -->","yoast_head_json":{"title":"Kartica dru\u0161tva - Arancini Residence","robots":{"index":"index","follow":"follow","max-snippet":"max-snippet:-1","max-image-preview":"max-image-preview:large","max-video-preview":"max-video-preview:-1"},"canonical":"https:\/\/arancini.hr\/hr\/kartica-drustva\/","og_locale":"hr_HR","og_type":"article","og_title":"Kartica dru\u0161tva - Arancini Residence","og_description":"Kartica dru\u0161tvaARANCINI RESIDENCE d.o.o. OIB: 16840504653Registracijski broj: 110149921 Sjedi\u0161te: Srima (Grad Vodice) Srima I 100BMember of the Management Board and Executive Director: Zvonimir SilovThe amount of the share capital of the company, and whether the share capital fully paid: 2.500,00 euro ARANCINI RESIDENCE d.o.o. (limited liability company) listed in the register of the Commercial Court [&hellip;]","og_url":"https:\/\/arancini.hr\/hr\/kartica-drustva\/","og_site_name":"Arancini Residence","article_modified_time":"2025-03-06T08:15:49+00:00","twitter_card":"summary_large_image","twitter_misc":{"Procijenjeno vrijeme \u010ditanja":"4 minute"},"schema":{"@context":"https:\/\/schema.org","@graph":[{"@type":"WebPage","@id":"https:\/\/arancini.hr\/hr\/kartica-drustva\/","url":"https:\/\/arancini.hr\/hr\/kartica-drustva\/","name":"Kartica dru\u0161tva - Arancini Residence","isPartOf":{"@id":"https:\/\/arancini.hr\/#website"},"datePublished":"2020-05-06T10:26:07+00:00","dateModified":"2025-03-06T08:15:49+00:00","breadcrumb":{"@id":"https:\/\/arancini.hr\/hr\/kartica-drustva\/#breadcrumb"},"inLanguage":"hr","potentialAction":[{"@type":"ReadAction","target":["https:\/\/arancini.hr\/hr\/kartica-drustva\/"]}]},{"@type":"BreadcrumbList","@id":"https:\/\/arancini.hr\/hr\/kartica-drustva\/#breadcrumb","itemListElement":[{"@type":"ListItem","position":1,"name":"Home","item":"https:\/\/arancini.hr\/hr\/"},{"@type":"ListItem","position":2,"name":"Kartica dru\u0161tva"}]},{"@type":"WebSite","@id":"https:\/\/arancini.hr\/#website","url":"https:\/\/arancini.hr\/","name":"Arancini Residence","description":"Odmor u srcu Dalmacije","potentialAction":[{"@type":"SearchAction","target":{"@type":"EntryPoint","urlTemplate":"https:\/\/arancini.hr\/?s={search_term_string}"},"query-input":{"@type":"PropertyValueSpecification","valueRequired":true,"valueName":"search_term_string"}}],"inLanguage":"hr"}]}},"_links":{"self":[{"href":"https:\/\/arancini.hr\/hr\/wp-json\/wp\/v2\/pages\/3210","targetHints":{"allow":["GET"]}}],"collection":[{"href":"https:\/\/arancini.hr\/hr\/wp-json\/wp\/v2\/pages"}],"about":[{"href":"https:\/\/arancini.hr\/hr\/wp-json\/wp\/v2\/types\/page"}],"author":[{"embeddable":true,"href":"https:\/\/arancini.hr\/hr\/wp-json\/wp\/v2\/users\/1"}],"replies":[{"embeddable":true,"href":"https:\/\/arancini.hr\/hr\/wp-json\/wp\/v2\/comments?post=3210"}],"version-history":[{"count":0,"href":"https:\/\/arancini.hr\/hr\/wp-json\/wp\/v2\/pages\/3210\/revisions"}],"wp:attachment":[{"href":"https:\/\/arancini.hr\/hr\/wp-json\/wp\/v2\/media?parent=3210"}],"curies":[{"name":"wp","href":"https:\/\/api.w.org\/{rel}","templated":true}]}}