{"id":3192,"date":"2020-05-04T10:17:40","date_gmt":"2020-05-04T08:17:40","guid":{"rendered":"https:\/\/arancini.hr\/food\/"},"modified":"2022-04-13T17:13:27","modified_gmt":"2022-04-13T15:13:27","slug":"gastro","status":"publish","type":"page","link":"https:\/\/arancini.hr\/hr\/gastro\/","title":{"rendered":"Gastro"},"content":{"rendered":"<p>[et_pb_section fb_built=&#8221;1&#8243; admin_label=&#8221;About&#8221; _builder_version=&#8221;3.22.3&#8243; custom_padding=&#8221;0px||0px||false&#8221; collapsed=&#8221;off&#8221; global_colors_info=&#8221;{}&#8221;][et_pb_row column_structure=&#8221;1_3,2_3&#8243; make_equal=&#8221;on&#8221; padding_top_bottom_link_2=&#8221;false&#8221; padding_left_right_link_2=&#8221;false&#8221; _builder_version=&#8221;4.9.10&#8243; background_color=&#8221;#f7f7f7&#8243; width=&#8221;100%&#8221; max_width=&#8221;100%&#8221; min_height=&#8221;697px&#8221; custom_padding=&#8221;0px||0px||true&#8221; use_custom_width=&#8221;on&#8221; width_unit=&#8221;off&#8221; custom_width_percent=&#8221;100%&#8221; global_colors_info=&#8221;{}&#8221;][et_pb_column type=&#8221;1_3&#8243; _builder_version=&#8221;4.9.10&#8243; background_image=&#8221;https:\/\/arancini.hr\/wp-content\/uploads\/2021\/08\/Z7V9142-1-scaled.jpg&#8221; custom_padding=&#8221;|||&#8221; global_colors_info=&#8221;{}&#8221; custom_padding__hover=&#8221;|||&#8221;][et_pb_divider show_divider=&#8221;off&#8221; _builder_version=&#8221;3.12.2&#8243; height=&#8221;300px&#8221; global_colors_info=&#8221;{}&#8221;][\/et_pb_divider][\/et_pb_column][et_pb_column type=&#8221;2_3&#8243; _builder_version=&#8221;3.25.4&#8243; background_image=&#8221;https:\/\/arancini.hr\/wp-content\/uploads\/2020\/02\/grafika.png&#8221; background_size=&#8221;initial&#8221; background_position=&#8221;top_right&#8221; custom_padding=&#8221;6vw|10vw|12vw|5vw&#8221; custom_padding_tablet=&#8221;|10%||10%||true&#8221; custom_padding_phone=&#8221;|3vw||3vw&#8221; custom_padding_last_edited=&#8221;on|tablet&#8221; global_colors_info=&#8221;{}&#8221; custom_padding__hover=&#8221;|||&#8221;][et_pb_text _builder_version=&#8221;3.27.4&#8243; header_font=&#8221;||||||||&#8221; header_2_font=&#8221;Frank Ruhl Libre||||||||&#8221; header_2_font_size=&#8221;48px&#8221; header_2_line_height=&#8221;1.4em&#8221; max_width=&#8221;700px&#8221; header_2_font_size_tablet=&#8221;&#8221; header_2_font_size_phone=&#8221;28px&#8221; header_2_font_size_last_edited=&#8221;on|desktop&#8221; global_colors_info=&#8221;{}&#8221;]<\/p>\n<h2>Za gastroljupce<\/h2>\n<p>[\/et_pb_text][et_pb_divider color=&#8221;#979797&#8243; divider_weight=&#8221;2px&#8221; _builder_version=&#8221;3.12.2&#8243; max_width=&#8221;100px&#8221; global_colors_info=&#8221;{}&#8221;][\/et_pb_divider][et_pb_text _builder_version=&#8221;3.27.4&#8243; text_font=&#8221;||||||||&#8221; text_font_size=&#8221;16px&#8221; text_line_height=&#8221;1.8em&#8221; max_width=&#8221;700px&#8221; custom_margin=&#8221;|||&#8221; global_colors_info=&#8221;{}&#8221;]\u201eTijelo nije hram, ve\u0107 zabavni park \u2013 stoga u\u017eivajte\u201d, rije\u010di su jednog od najpoznatijih svjetskih&nbsp;chefova, \u010diji moto \u201ebez rezervacije\u201d nastojte slijediti kada je u pitanju mediteranska prehrana na Jadranu. Mo\u017eete probati mediteransku hranu na drugom kraju svijeta, ali pravi \u201eza\u010din\u201c ove prehrane uvijek je bio ambijent, a tisu\u0107u otoka Jadranskog mora tisu\u0107u je gastronomskih senzacija. Sami odlu\u010dite kamo \u0107ete po\u0107i, jer svako mjesto riznica je vlastitih namirnica koje se uzgajaju i pripremaju jo\u0161 uvijek na tradicionalan na\u010din. Hrvatski otoci i dalmatinski gradovi su uz \u0160panjolsku, Italiju, Gr\u010dku i Maroko zajedni\u010dki nositelji za\u0161ti\u0107ene mediteranske prehrane, jer dio sastojaka i za\u010dina, kao i obi\u010daji povezani s pripremom nekih jela predstavljaju zajedni\u010dko kulturno bogatstvo.[\/et_pb_text][\/et_pb_column][\/et_pb_row][\/et_pb_section][et_pb_section fb_built=&#8221;1&#8243; _builder_version=&#8221;3.25.4&#8243; custom_margin=&#8221;|||||&#8221; custom_padding=&#8221;0px|||||&#8221; global_colors_info=&#8221;{}&#8221;][et_pb_row column_structure=&#8221;1_3,1_3,1_3&#8243; use_custom_gutter=&#8221;on&#8221; gutter_width=&#8221;1&#8243; _builder_version=&#8221;3.25.4&#8243; width=&#8221;100%&#8221; max_width=&#8221;100%&#8221; custom_margin=&#8221;-5px|auto||auto||&#8221; custom_padding=&#8221;2px|||||&#8221; global_colors_info=&#8221;{}&#8221;][et_pb_column type=&#8221;1_3&#8243; _builder_version=&#8221;3.25.4&#8243; background_image=&#8221;https:\/\/arancini.hr\/wp-content\/uploads\/2020\/02\/Arancini-Hotel-Vodice6.jpg&#8221; global_colors_info=&#8221;{}&#8221;][et_pb_text _builder_version=&#8221;3.27.4&#8243; min_height=&#8221;350px&#8221; global_colors_info=&#8221;{}&#8221;][\/et_pb_text][\/et_pb_column][et_pb_column type=&#8221;1_3&#8243; _builder_version=&#8221;3.25.4&#8243; background_image=&#8221;https:\/\/arancini.hr\/wp-content\/uploads\/2020\/02\/Arancini-Hotel-Vodice18.jpg&#8221; global_colors_info=&#8221;{}&#8221;][et_pb_text _builder_version=&#8221;3.27.4&#8243; min_height=&#8221;350px&#8221; global_colors_info=&#8221;{}&#8221;][\/et_pb_text][\/et_pb_column][et_pb_column type=&#8221;1_3&#8243; _builder_version=&#8221;3.25.4&#8243; background_image=&#8221;https:\/\/arancini.hr\/wp-content\/uploads\/2020\/02\/Arancini-Hotel-Vodice2.jpg&#8221; global_colors_info=&#8221;{}&#8221;][et_pb_text _builder_version=&#8221;3.27.4&#8243; min_height=&#8221;350px&#8221; global_colors_info=&#8221;{}&#8221;][\/et_pb_text][\/et_pb_column][\/et_pb_row][et_pb_row column_structure=&#8221;2_5,3_5&#8243; _builder_version=&#8221;3.25.4&#8243; global_colors_info=&#8221;{}&#8221;][et_pb_column type=&#8221;2_5&#8243; _builder_version=&#8221;3.25.4&#8243; global_colors_info=&#8221;{}&#8221;][et_pb_image src=&#8221;https:\/\/arancini.hr\/wp-content\/uploads\/2020\/05\/pexels-photo-1957011.jpeg&#8221; _builder_version=&#8221;3.25.4&#8243; global_colors_info=&#8221;{}&#8221;][\/et_pb_image][et_pb_button button_url=&#8221;https:\/\/secure.phobs.net\/booking.php?company_id=14543c00ea4f2e0a207beafc35927416&#038;hotel=620847d144a1226ea7b85b39ca78f7a7&#038;lang=hr &#8221; url_new_window=&#8221;on&#8221; button_text=&#8221;Rezerviraj&#8221; _builder_version=&#8221;4.14.7&#8243; button_icon=&#8221;&#x24;||divi||400&#8243; button_on_hover=&#8221;off&#8221; background_layout=&#8221;dark&#8221; custom_margin=&#8221;|||&#8221; custom_padding=&#8221;16px|60px|16px|60px|true|true&#8221; animation_style=&#8221;slide&#8221; animation_direction=&#8221;left&#8221; animation_intensity_slide=&#8221;10%&#8221; hover_enabled=&#8221;0&#8243; box_shadow_style=&#8221;preset4&#8243; box_shadow_horizontal=&#8221;-10px&#8221; box_shadow_vertical=&#8221;0px&#8221; box_shadow_color=&#8221;#e8b279&#8243; saved_tabs=&#8221;all&#8221; global_colors_info=&#8221;{}&#8221; button_text_size__hover_enabled=&#8221;off&#8221; button_one_text_size__hover_enabled=&#8221;off&#8221; button_two_text_size__hover_enabled=&#8221;off&#8221; button_text_color__hover_enabled=&#8221;off&#8221; button_one_text_color__hover_enabled=&#8221;off&#8221; button_two_text_color__hover_enabled=&#8221;off&#8221; button_border_width__hover_enabled=&#8221;off&#8221; button_one_border_width__hover_enabled=&#8221;off&#8221; button_two_border_width__hover_enabled=&#8221;off&#8221; button_border_color__hover_enabled=&#8221;off&#8221; button_one_border_color__hover_enabled=&#8221;off&#8221; button_two_border_color__hover_enabled=&#8221;off&#8221; button_border_radius__hover_enabled=&#8221;off&#8221; button_one_border_radius__hover_enabled=&#8221;off&#8221; button_two_border_radius__hover_enabled=&#8221;off&#8221; button_letter_spacing__hover_enabled=&#8221;off&#8221; button_one_letter_spacing__hover_enabled=&#8221;off&#8221; button_two_letter_spacing__hover_enabled=&#8221;off&#8221; button_bg_color__hover_enabled=&#8221;off&#8221; button_one_bg_color__hover_enabled=&#8221;off&#8221; button_two_bg_color__hover_enabled=&#8221;off&#8221; sticky_enabled=&#8221;0&#8243;][\/et_pb_button][\/et_pb_column][et_pb_column type=&#8221;3_5&#8243; _builder_version=&#8221;3.25.4&#8243; global_colors_info=&#8221;{}&#8221;][et_pb_text _builder_version=&#8221;3.27.4&#8243; text_font=&#8221;||||||||&#8221; text_font_size=&#8221;16px&#8221; text_line_height=&#8221;1.8em&#8221; max_width=&#8221;700px&#8221; custom_margin=&#8221;|||&#8221; global_colors_info=&#8221;{}&#8221;]Jedan je od najobo\u017eavanijih obroka Mediterana marenda, a vole je sve generacije, bilo da ste u ulozi gosta bilo doma\u0107ina. Obrok koji se priprema s posebnim gu\u0161tom pogodan je za bilo koji dio dana, va\u017eno je da bude izme\u0111u dva glavna obroka, a na stolu od marende mo\u017ee se na\u0107i tek pokoja slana riba u maslinovom ulju, komadi\u0107 kozjeg sira ili pak veliki lonac ribe. Zapravo nije uop\u0107e va\u017eno \u2013 glavni su sastojci ipak dru\u0161tvo i dobra kapljica vina. Stara dalmatinska izreka ka\u017ee kako se riba mora okupati u tri teku\u0107ine \u2013 u moru, ulju i vinu, pa sad vi budite odva\u017eni i poku\u0161ajte ne slijediti ovu va\u017enu, ali delikatesnu svjetsku ba\u0161tinu!<\/p>\n<p>Naravno, tu je i Arancini. Naribana korica naran\u010de upotrebljava se ve\u0107 stolje\u0107ima u kulinarstvu zbog arome koju daje jelima, neizostavna je u pripremi brojnih kola\u010da, a mo\u017ee se jesti i sama, prokuhana, su\u0161ena i za\u0161e\u0107erena kao posebno ukusna slatka grickalica zvana arancini.<\/p>\n<p>Ti ukusni zalogaji pripremaju se od neprskanih doma\u0107ih naran\u010di, a \u0161to im je korica deblja, to \u0107e arancini biti slasniji. Dobro oprana i oguljena kora naran\u010de nare\u017ee se na tanke trake koje se potom nekoliko dana nama\u010du u vodi koja se redovito mijenja. Korice se zatim ocijede te stave kuhati dok ne omek\u0161aju. Namakanje i kasnije prokuhavanje slu\u017ee da bi se iz kore izvukla njezina karakteristi\u010dna gor\u010dina, a dodavanjem \u0161e\u0107era i kuhanjem dok sva teku\u0107ina ne ispari dobiva se gusti slatki sirup koji odli\u010dno nadopunjuje blagu kiselost kore ovog agruma. Kada su gotove, korice se ra\u0161ire po papiru za pe\u010denje prekrivenom kristalnim \u0161e\u0107erom i u njega se dobro uvaljaju te takve ostave su\u0161iti nekoliko dana.<\/p>\n<p>Arancini su karakteristi\u010dna slastica za zimsko blagdansko razdoblje kada dozrijevaju so\u010dni plodovi slatke ili gorke naran\u010de. Stabla puna agruma \u010dest su prizor u mediteranskim zemljama pa se neki oblik ove grickalice mo\u017ee prona\u0107i i u susjednoj Italiji, a kod nas je posebno popularna u Dalmaciji i podru\u010dju Dubrovnika gdje su rasko\u0161na stabla naran\u010di \u010desto krasila gradske vrtove.&nbsp;<\/p>\n<p>Osim \u0161to su sami po sebi izvrsni, arancini se odli\u010dno sla\u017eu s \u010dokoladnim desertima, a mo\u017ee ih se usitniti i upotrijebiti u pripremi biskvita. S porastom popularnosti koktela, arancini se upotrebljavaju i kao jestiva dekoracija brojnih ukusnih alkoholnih i bezalkoholnih pi\u0107a koja se temelje na soku od naran\u010de. Jo\u0161 ih se i danas mo\u017ee prona\u0107i na dalmatinskim stolovima, a svi \u017eeljni eksperimentiranja mogu ovaj na\u010din pripreme slatkih grickalica primijeniti i na kore mandarine, limuna te \u010dak i grejpa.<\/p>\n<p>&nbsp;<\/p>\n<p><em>Izvor: www.croatia.hr<\/em>[\/et_pb_text][\/et_pb_column][\/et_pb_row][\/et_pb_section][et_pb_section fb_built=&#8221;1&#8243; admin_label=&#8221;Footer&#8221; _builder_version=&#8221;3.25.4&#8243; background_color=&#8221;#000000&#8243; animation_style=&#8221;slide&#8221; animation_direction=&#8221;bottom&#8221; animation_intensity_slide=&#8221;5%&#8221; global_module=&#8221;3163&#8243; saved_tabs=&#8221;all&#8221; global_colors_info=&#8221;{}&#8221;][et_pb_row column_structure=&#8221;1_3,1_3,1_3&#8243; _builder_version=&#8221;3.25.4&#8243; global_colors_info=&#8221;{}&#8221;][et_pb_column type=&#8221;1_3&#8243; _builder_version=&#8221;3.25.4&#8243; global_colors_info=&#8221;{}&#8221;][et_pb_button button_url=&#8221;https:\/\/arancini.hr\/hr\/politika-privatnosti\/&#8221; button_text=&#8221;Politika privatnosti&#8221; _builder_version=&#8221;4.9.9&#8243; _module_preset=&#8221;default&#8221; custom_margin=&#8221;||8px|||&#8221; global_colors_info=&#8221;{}&#8221;][\/et_pb_button][et_pb_button button_url=&#8221;https:\/\/arancini.hr\/hr\/sigurnost-placanja-kreditnim-karticama\/&#8221; button_text=&#8221;Sigurnost pla\u0107anja kreditnim karticama&#8221; _builder_version=&#8221;4.9.10&#8243; _module_preset=&#8221;default&#8221; custom_margin=&#8221;||13px|||&#8221; global_colors_info=&#8221;{}&#8221;][\/et_pb_button][et_pb_button button_url=&#8221;https:\/\/arancini.hr\/hr\/kartica-drustva\/&#8221; button_text=&#8221;Pravne inforamacije&#8221; _builder_version=&#8221;4.9.10&#8243; _module_preset=&#8221;default&#8221; global_colors_info=&#8221;{}&#8221;][\/et_pb_button][et_pb_image src=&#8221;https:\/\/arancini.hr\/wp-content\/uploads\/2020\/04\/ARANCINI-logo-web.png&#8221; _builder_version=&#8221;3.25.4&#8243; width=&#8221;68%&#8221; module_alignment=&#8221;left&#8221; global_colors_info=&#8221;{}&#8221;][\/et_pb_image][\/et_pb_column][et_pb_column type=&#8221;1_3&#8243; _builder_version=&#8221;3.25.4&#8243; global_colors_info=&#8221;{}&#8221;][et_pb_text _builder_version=&#8221;4.9.10&#8243; header_font=&#8221;||||||||&#8221; header_text_color=&#8221;#ffffff&#8221; global_colors_info=&#8221;{}&#8221;]<\/p>\n<h1>KONTAKT<\/h1>\n<p>W: <a href=\"https:\/\/www.arancini.hr\">www.arancini.hr<br \/><\/a>E:\u00a0<a href=\"mailto:booking@arancini.hr\">booking@arancini.hr<\/a><br \/>T: +385 22 646 291<br \/>A: Ulica Stanka Mi\u0107ina 9D, 22211 Vodice<\/p>\n<p>[\/et_pb_text][et_pb_social_media_follow _builder_version=&#8221;4.9.10&#8243; _module_preset=&#8221;default&#8221; custom_margin=&#8221;20px||||false|false&#8221; global_colors_info=&#8221;{}&#8221;][et_pb_social_media_follow_network social_network=&#8221;facebook&#8221; url=&#8221;https:\/\/www.facebook.com\/aranciniresidence&#8221; _builder_version=&#8221;4.9.10&#8243; _module_preset=&#8221;default&#8221; background_color=&#8221;#000000&#8243; background_enable_color=&#8221;on&#8221; global_colors_info=&#8221;{}&#8221; follow_button=&#8221;off&#8221; url_new_window=&#8221;on&#8221;]facebook[\/et_pb_social_media_follow_network][et_pb_social_media_follow_network social_network=&#8221;instagram&#8221; url=&#8221;https:\/\/www.instagram.com\/arancini_residence\/&#8221; _builder_version=&#8221;4.9.10&#8243; _module_preset=&#8221;default&#8221; background_color=&#8221;#000000&#8243; background_enable_color=&#8221;on&#8221; global_colors_info=&#8221;{}&#8221; follow_button=&#8221;off&#8221; url_new_window=&#8221;on&#8221;]instagram[\/et_pb_social_media_follow_network][\/et_pb_social_media_follow][\/et_pb_column][et_pb_column type=&#8221;1_3&#8243; _builder_version=&#8221;3.25.4&#8243; global_colors_info=&#8221;{}&#8221;][et_pb_text _builder_version=&#8221;4.14.7&#8243; header_font=&#8221;||||||||&#8221; header_text_color=&#8221;#ffffff&#8221; global_colors_info=&#8221;{}&#8221;]<\/p>\n<h1>NEWSLETTER<\/h1>\n<p>[\/et_pb_text][et_pb_text _builder_version=&#8221;4.14.7&#8243; _module_preset=&#8221;default&#8221; text_text_color=&#8221;#FFFFFF&#8221; global_colors_info=&#8221;{}&#8221;]<\/p>\n<p><span>Prijavite se i ostvarite dodatne pogodnosti uz na\u0161e posebne ponude!<\/span><\/p>\n<p>[\/et_pb_text][et_pb_button button_url=&#8221;https:\/\/arancini.hr\/hr\/newsletter-sign-up&#8221; button_text=&#8221;Prijavi se&#8221; _builder_version=&#8221;4.14.7&#8243; _module_preset=&#8221;default&#8221; custom_button=&#8221;on&#8221; button_text_color=&#8221;#000000&#8243; button_bg_color=&#8221;#FFFFFF&#8221; global_colors_info=&#8221;{}&#8221;][\/et_pb_button][\/et_pb_column][\/et_pb_row][\/et_pb_section]<\/p>\n","protected":false},"excerpt":{"rendered":"<p>Za gastroljupce\u201eTijelo nije hram, ve\u0107 zabavni park \u2013 stoga u\u017eivajte\u201d, rije\u010di su jednog od najpoznatijih svjetskih&nbsp;chefova, \u010diji moto \u201ebez rezervacije\u201d nastojte slijediti kada je u pitanju mediteranska prehrana na Jadranu. Mo\u017eete probati mediteransku hranu na drugom kraju svijeta, ali pravi \u201eza\u010din\u201c ove prehrane uvijek je bio ambijent, a tisu\u0107u otoka Jadranskog mora tisu\u0107u je gastronomskih [&hellip;]<\/p>\n","protected":false},"author":1,"featured_media":3193,"parent":0,"menu_order":0,"comment_status":"closed","ping_status":"closed","template":"","meta":{"_et_pb_use_builder":"on","_et_pb_old_content":"","_et_gb_content_width":"","footnotes":""},"class_list":["post-3192","page","type-page","status-publish","has-post-thumbnail","hentry"],"yoast_head":"<!-- This site is optimized with the Yoast SEO plugin v24.4 - https:\/\/yoast.com\/wordpress\/plugins\/seo\/ -->\n<title>Gastro - \u201cYour body is not a temple, it\u2019s an amusement park \u2013 enjoy the ride.\u201d<\/title>\n<meta name=\"description\" content=\"Food - Take your pick \u2013 each place is a treasure trove of specific ingredients that are prepared using traditional methods at Aparhotel Arancini.\" \/>\n<meta name=\"robots\" content=\"index, follow, max-snippet:-1, max-image-preview:large, max-video-preview:-1\" \/>\n<link rel=\"canonical\" href=\"https:\/\/arancini.hr\/hr\/gastro\/\" \/>\n<meta property=\"og:locale\" content=\"hr_HR\" \/>\n<meta property=\"og:type\" content=\"article\" \/>\n<meta property=\"og:title\" content=\"Gastro - \u201cYour body is not a temple, it\u2019s an amusement park \u2013 enjoy the ride.\u201d\" \/>\n<meta property=\"og:description\" content=\"Food - Take your pick \u2013 each place is a treasure trove of specific ingredients that are prepared using traditional methods at Aparhotel Arancini.\" \/>\n<meta property=\"og:url\" content=\"https:\/\/arancini.hr\/hr\/gastro\/\" \/>\n<meta property=\"og:site_name\" content=\"Arancini Residence\" \/>\n<meta property=\"article:modified_time\" content=\"2022-04-13T15:13:27+00:00\" \/>\n<meta property=\"og:image\" content=\"https:\/\/arancini.hr\/wp-content\/uploads\/2020\/02\/Arancini-Hotel-Vodice19.jpg\" \/>\n\t<meta property=\"og:image:width\" content=\"1600\" \/>\n\t<meta property=\"og:image:height\" content=\"1067\" \/>\n\t<meta property=\"og:image:type\" content=\"image\/jpeg\" \/>\n<meta name=\"twitter:card\" content=\"summary_large_image\" \/>\n<meta name=\"twitter:label1\" content=\"Procijenjeno vrijeme \u010ditanja\" \/>\n\t<meta name=\"twitter:data1\" content=\"9 minuta\" \/>\n<script type=\"application\/ld+json\" class=\"yoast-schema-graph\">{\"@context\":\"https:\/\/schema.org\",\"@graph\":[{\"@type\":\"WebPage\",\"@id\":\"https:\/\/arancini.hr\/hr\/gastro\/\",\"url\":\"https:\/\/arancini.hr\/hr\/gastro\/\",\"name\":\"Gastro - \u201cYour body is not a temple, it\u2019s an amusement park \u2013 enjoy the ride.\u201d\",\"isPartOf\":{\"@id\":\"https:\/\/arancini.hr\/#website\"},\"primaryImageOfPage\":{\"@id\":\"https:\/\/arancini.hr\/hr\/gastro\/#primaryimage\"},\"image\":{\"@id\":\"https:\/\/arancini.hr\/hr\/gastro\/#primaryimage\"},\"thumbnailUrl\":\"https:\/\/arancini.hr\/wp-content\/uploads\/2020\/02\/Arancini-Hotel-Vodice19.jpg\",\"datePublished\":\"2020-05-04T08:17:40+00:00\",\"dateModified\":\"2022-04-13T15:13:27+00:00\",\"description\":\"Food - Take your pick \u2013 each place is a treasure trove of specific ingredients that are prepared using traditional methods at Aparhotel Arancini.\",\"breadcrumb\":{\"@id\":\"https:\/\/arancini.hr\/hr\/gastro\/#breadcrumb\"},\"inLanguage\":\"hr\",\"potentialAction\":[{\"@type\":\"ReadAction\",\"target\":[\"https:\/\/arancini.hr\/hr\/gastro\/\"]}]},{\"@type\":\"ImageObject\",\"inLanguage\":\"hr\",\"@id\":\"https:\/\/arancini.hr\/hr\/gastro\/#primaryimage\",\"url\":\"https:\/\/arancini.hr\/wp-content\/uploads\/2020\/02\/Arancini-Hotel-Vodice19.jpg\",\"contentUrl\":\"https:\/\/arancini.hr\/wp-content\/uploads\/2020\/02\/Arancini-Hotel-Vodice19.jpg\",\"width\":1600,\"height\":1067,\"caption\":\"Food at the Aparthotel Arancini Vodice\"},{\"@type\":\"BreadcrumbList\",\"@id\":\"https:\/\/arancini.hr\/hr\/gastro\/#breadcrumb\",\"itemListElement\":[{\"@type\":\"ListItem\",\"position\":1,\"name\":\"Home\",\"item\":\"https:\/\/arancini.hr\/hr\/\"},{\"@type\":\"ListItem\",\"position\":2,\"name\":\"Gastro\"}]},{\"@type\":\"WebSite\",\"@id\":\"https:\/\/arancini.hr\/#website\",\"url\":\"https:\/\/arancini.hr\/\",\"name\":\"Arancini Residence\",\"description\":\"Odmor u srcu Dalmacije\",\"potentialAction\":[{\"@type\":\"SearchAction\",\"target\":{\"@type\":\"EntryPoint\",\"urlTemplate\":\"https:\/\/arancini.hr\/?s={search_term_string}\"},\"query-input\":{\"@type\":\"PropertyValueSpecification\",\"valueRequired\":true,\"valueName\":\"search_term_string\"}}],\"inLanguage\":\"hr\"}]}<\/script>\n<!-- \/ Yoast SEO plugin. -->","yoast_head_json":{"title":"Gastro - \u201cYour body is not a temple, it\u2019s an amusement park \u2013 enjoy the ride.\u201d","description":"Food - Take your pick \u2013 each place is a treasure trove of specific ingredients that are prepared using traditional methods at Aparhotel Arancini.","robots":{"index":"index","follow":"follow","max-snippet":"max-snippet:-1","max-image-preview":"max-image-preview:large","max-video-preview":"max-video-preview:-1"},"canonical":"https:\/\/arancini.hr\/hr\/gastro\/","og_locale":"hr_HR","og_type":"article","og_title":"Gastro - \u201cYour body is not a temple, it\u2019s an amusement park \u2013 enjoy the ride.\u201d","og_description":"Food - Take your pick \u2013 each place is a treasure trove of specific ingredients that are prepared using traditional methods at Aparhotel Arancini.","og_url":"https:\/\/arancini.hr\/hr\/gastro\/","og_site_name":"Arancini Residence","article_modified_time":"2022-04-13T15:13:27+00:00","og_image":[{"width":1600,"height":1067,"url":"https:\/\/arancini.hr\/wp-content\/uploads\/2020\/02\/Arancini-Hotel-Vodice19.jpg","type":"image\/jpeg"}],"twitter_card":"summary_large_image","twitter_misc":{"Procijenjeno vrijeme \u010ditanja":"9 minuta"},"schema":{"@context":"https:\/\/schema.org","@graph":[{"@type":"WebPage","@id":"https:\/\/arancini.hr\/hr\/gastro\/","url":"https:\/\/arancini.hr\/hr\/gastro\/","name":"Gastro - \u201cYour body is not a temple, it\u2019s an amusement park \u2013 enjoy the ride.\u201d","isPartOf":{"@id":"https:\/\/arancini.hr\/#website"},"primaryImageOfPage":{"@id":"https:\/\/arancini.hr\/hr\/gastro\/#primaryimage"},"image":{"@id":"https:\/\/arancini.hr\/hr\/gastro\/#primaryimage"},"thumbnailUrl":"https:\/\/arancini.hr\/wp-content\/uploads\/2020\/02\/Arancini-Hotel-Vodice19.jpg","datePublished":"2020-05-04T08:17:40+00:00","dateModified":"2022-04-13T15:13:27+00:00","description":"Food - Take your pick \u2013 each place is a treasure trove of specific ingredients that are prepared using traditional methods at Aparhotel Arancini.","breadcrumb":{"@id":"https:\/\/arancini.hr\/hr\/gastro\/#breadcrumb"},"inLanguage":"hr","potentialAction":[{"@type":"ReadAction","target":["https:\/\/arancini.hr\/hr\/gastro\/"]}]},{"@type":"ImageObject","inLanguage":"hr","@id":"https:\/\/arancini.hr\/hr\/gastro\/#primaryimage","url":"https:\/\/arancini.hr\/wp-content\/uploads\/2020\/02\/Arancini-Hotel-Vodice19.jpg","contentUrl":"https:\/\/arancini.hr\/wp-content\/uploads\/2020\/02\/Arancini-Hotel-Vodice19.jpg","width":1600,"height":1067,"caption":"Food at the Aparthotel Arancini Vodice"},{"@type":"BreadcrumbList","@id":"https:\/\/arancini.hr\/hr\/gastro\/#breadcrumb","itemListElement":[{"@type":"ListItem","position":1,"name":"Home","item":"https:\/\/arancini.hr\/hr\/"},{"@type":"ListItem","position":2,"name":"Gastro"}]},{"@type":"WebSite","@id":"https:\/\/arancini.hr\/#website","url":"https:\/\/arancini.hr\/","name":"Arancini Residence","description":"Odmor u srcu Dalmacije","potentialAction":[{"@type":"SearchAction","target":{"@type":"EntryPoint","urlTemplate":"https:\/\/arancini.hr\/?s={search_term_string}"},"query-input":{"@type":"PropertyValueSpecification","valueRequired":true,"valueName":"search_term_string"}}],"inLanguage":"hr"}]}},"_links":{"self":[{"href":"https:\/\/arancini.hr\/hr\/wp-json\/wp\/v2\/pages\/3192","targetHints":{"allow":["GET"]}}],"collection":[{"href":"https:\/\/arancini.hr\/hr\/wp-json\/wp\/v2\/pages"}],"about":[{"href":"https:\/\/arancini.hr\/hr\/wp-json\/wp\/v2\/types\/page"}],"author":[{"embeddable":true,"href":"https:\/\/arancini.hr\/hr\/wp-json\/wp\/v2\/users\/1"}],"replies":[{"embeddable":true,"href":"https:\/\/arancini.hr\/hr\/wp-json\/wp\/v2\/comments?post=3192"}],"version-history":[{"count":0,"href":"https:\/\/arancini.hr\/hr\/wp-json\/wp\/v2\/pages\/3192\/revisions"}],"wp:featuredmedia":[{"embeddable":true,"href":"https:\/\/arancini.hr\/hr\/wp-json\/wp\/v2\/media\/3193"}],"wp:attachment":[{"href":"https:\/\/arancini.hr\/hr\/wp-json\/wp\/v2\/media?parent=3192"}],"curies":[{"name":"wp","href":"https:\/\/api.w.org\/{rel}","templated":true}]}}