{"id":3166,"date":"2020-06-15T07:52:48","date_gmt":"2020-06-15T05:52:48","guid":{"rendered":"https:\/\/arancini.hr\/?page_id=3166"},"modified":"2021-07-26T19:04:36","modified_gmt":"2021-07-26T17:04:36","slug":"garancija-najbolje-cijene","status":"publish","type":"page","link":"https:\/\/arancini.hr\/hr\/garancija-najbolje-cijene\/","title":{"rendered":"Garancija najbolje cijene"},"content":{"rendered":"<p>[et_pb_section fb_built=&#8221;1&#8243; admin_label=&#8221;About&#8221; _builder_version=&#8221;3.22.3&#8243; custom_padding=&#8221;0px||0px||false&#8221; collapsed=&#8221;off&#8221;][et_pb_row column_structure=&#8221;1_3,2_3&#8243; make_equal=&#8221;on&#8221; padding_top_bottom_link_2=&#8221;false&#8221; padding_left_right_link_2=&#8221;false&#8221; _builder_version=&#8221;3.25.4&#8243; background_color=&#8221;rgba(0,0,0,0.08)&#8221; width=&#8221;100%&#8221; max_width=&#8221;100%&#8221; min_height=&#8221;697px&#8221; custom_padding=&#8221;0px||0px||true&#8221; use_custom_width=&#8221;on&#8221; width_unit=&#8221;off&#8221; custom_width_percent=&#8221;100%&#8221;][et_pb_column type=&#8221;1_3&#8243; _builder_version=&#8221;3.25.4&#8243; background_image=&#8221;https:\/\/arancini.hr\/wp-content\/uploads\/2020\/03\/jedrenje.jpeg&#8221; custom_padding=&#8221;|||&#8221; custom_padding__hover=&#8221;|||&#8221;][et_pb_divider show_divider=&#8221;off&#8221; _builder_version=&#8221;3.12.2&#8243; height=&#8221;300px&#8221;][\/et_pb_divider][\/et_pb_column][et_pb_column type=&#8221;2_3&#8243; _builder_version=&#8221;3.25.4&#8243; background_image=&#8221;https:\/\/arancini.hr\/wp-content\/uploads\/2020\/02\/grafika.png&#8221; background_size=&#8221;initial&#8221; background_position=&#8221;top_right&#8221; custom_padding=&#8221;6vw|10vw|12vw|5vw&#8221; custom_padding_tablet=&#8221;|10%||10%||true&#8221; custom_padding_phone=&#8221;|3vw||3vw&#8221; custom_padding_last_edited=&#8221;on|tablet&#8221; custom_padding__hover=&#8221;|||&#8221;][et_pb_text _builder_version=&#8221;3.27.4&#8243; header_font=&#8221;||||||||&#8221; header_2_font=&#8221;Frank Ruhl Libre||||||||&#8221; header_2_font_size=&#8221;48px&#8221; header_2_line_height=&#8221;1.4em&#8221; max_width=&#8221;700px&#8221; header_2_font_size_tablet=&#8221;&#8221; header_2_font_size_phone=&#8221;28px&#8221; header_2_font_size_last_edited=&#8221;on|desktop&#8221;]<\/p>\n<h2>Garancija najbolje cijene<\/h2>\n<p>[\/et_pb_text][et_pb_divider color=&#8221;#979797&#8243; divider_weight=&#8221;2px&#8221; _builder_version=&#8221;3.12.2&#8243; max_width=&#8221;100px&#8221;][\/et_pb_divider][et_pb_text _builder_version=&#8221;3.27.4&#8243;]<\/p>\n<div class=\"element-wrap\">\n<div class=\"paragraph paragraph-normal\">\n<div class=\"element-wrap\">\n<div class=\"paragraph paragraph-normal\">\n<p>Pregledavanjem na\u0161ih internetskih ponuda mo\u017eete biti sigurni, da \u0107ete za svoj boravak u na\u0161em Resortu uvijek dobiti najugodniju raspolo\u017eivu ponudu i cijenu. Ako \u0107ete u roku od 24 sata po napravljenoj rezervaciji prona\u0107i istu ponudu preko nekog drugog online kanala koji nije na\u0161a internet stranica, molimo vas da nam po\u0161aljete detalje objave koju ste prona\u0161li, a mi \u0107emo vam priznati cijenu koju ste prona\u0161li, te na nju dodati jo\u0161 dodatnih 5 % popusta.<\/p>\n<p>Napraviti rezervaciju putem na\u0161e internet stranice je jednostavno i brzo, a u isto vrijeme na jednom mjestu (www.arancini.hr) mo\u017eete saznati brojne druge informacije o na\u0161em hotelu te vam za to nije potrebno pregledavati druge stranice. Rezervacija koja napravljena putem na\u0161e stranice ne sadr\u017ei nikakvih dodatnih skrivenih tro\u0161kova.<\/p>\n<p>U slu\u010daju pitanja bilo koje vrste na\u0161e \u0107e vam osoblje rado prisko\u010diti u pomo\u0107. Kontakt podatke mo\u017eete prona\u0107i na na\u0161oj stranici\u00a0<a href=\"http:\/\/www.arancini.hr\">www.arancini.hr<\/a>. te na svim koracima online rezervacije.<\/p>\n<\/div>\n<\/div>\n<p>&nbsp;<\/p>\n<p>&nbsp;<\/p>\n<\/div>\n<\/div>\n<div class=\"element-wrap\">\n<div class=\"contentTitle\">\n<h3 class=\"heading_left\">Op\u0107i uvjeti<\/h3>\n<ul>\n<li>Za garanciju najugodnije cijene vas molimo da nam u roku od 24 sata po napravljenoj online rezervaciji po\u0161aljete dopis putem emaila na booking@arancini.hr. Dopis mora sadr\u017eavati va\u0161e ime i prezime, broj rezervacije te naziv internet stranice na kojoj ste prona\u0161li jeftiniju ponudu paketa kojeg ste rezervirali. Nepotpune reklamacije se ne\u0107e uzimati u obzir.<\/li>\n<li>Garancija najugodnije cijene i popust vezan uz garanciju \u0107e se priznati samo ako je obavljena rezervacija i objavljena ni\u017ea cijena na nekoj drugoj stranici bazirana na istom tipu sobe, istom terminu boravka te ako sadr\u017ei iste usluge i uvijete kao i ponuda sa na\u0161e internet stranice. Kao dokaz se ne\u0107e uzimati &#8220;screen shot&#8221; web stranice.<\/li>\n<li>\u00a0Garancija najugodnije cijene vrijedi samo i isklju\u010divo za online ponude<\/li>\n<li>Ni\u017ea cijena mora biti u jednakoj valuti kao i na\u0161a (HRK)<\/li>\n<\/ul>\n<\/div>\n<\/div>\n<p>[\/et_pb_text][\/et_pb_column][\/et_pb_row][\/et_pb_section][et_pb_section fb_built=&#8221;1&#8243; admin_label=&#8221;Footer&#8221; _builder_version=&#8221;3.25.4&#8243; background_color=&#8221;#000000&#8243; animation_style=&#8221;slide&#8221; animation_direction=&#8221;bottom&#8221; animation_intensity_slide=&#8221;5%&#8221; saved_tabs=&#8221;all&#8221; global_module=&#8221;3177&#8243;][et_pb_row column_structure=&#8221;1_3,1_3,1_3&#8243; _builder_version=&#8221;3.25.4&#8243;][et_pb_column type=&#8221;1_3&#8243; _builder_version=&#8221;3.25.4&#8243;][et_pb_button button_url=&#8221;https:\/\/arancini.hr\/hr\/politika-privatnosti\/&#8221; button_text=&#8221;Politika privatnosti&#8221; _builder_version=&#8221;4.9.10&#8243; _module_preset=&#8221;default&#8221; custom_margin=&#8221;||10px|||&#8221;][\/et_pb_button][et_pb_button button_url=&#8221;https:\/\/arancini.hr\/hr\/sigurnost-placanja-kreditnim-karticama\/&#8221; button_text=&#8221;Sigurnost pla\u0107anja kreditnim karticama&#8221; _builder_version=&#8221;4.9.10&#8243; _module_preset=&#8221;default&#8221;][\/et_pb_button][\/et_pb_column][et_pb_column type=&#8221;1_3&#8243; _builder_version=&#8221;3.25.4&#8243;][et_pb_image src=&#8221;https:\/\/arancini.hr\/wp-content\/uploads\/2020\/04\/ARANCINI-logo-web.png&#8221; _builder_version=&#8221;3.25.4&#8243; width=&#8221;68%&#8221; module_alignment=&#8221;left&#8221;][\/et_pb_image][\/et_pb_column][et_pb_column type=&#8221;1_3&#8243; _builder_version=&#8221;3.25.4&#8243;][et_pb_text _builder_version=&#8221;4.9.10&#8243; header_font=&#8221;||||||||&#8221; header_text_color=&#8221;#ffffff&#8221; custom_padding=&#8221;1px|||||&#8221;]<\/p>\n<h1>KONTAKT<\/h1>\n<p>W: <a href=\"https:\/\/www.arancini.hr\">www.arancini.hr<br \/><\/a>E: <a href=\"mailto:booking@arancini.hr\">booking@arancini.hr<\/a><br \/>T: +385 22 646 290<br \/>A: Ulica Stanka Mi\u0107ina 9D, 22211 Vodice<\/p>\n<p>[\/et_pb_text][\/et_pb_column][\/et_pb_row][\/et_pb_section]<\/p>\n","protected":false},"excerpt":{"rendered":"<p>Garancija najbolje cijene Pregledavanjem na\u0161ih internetskih ponuda mo\u017eete biti sigurni, da \u0107ete za svoj boravak u na\u0161em Resortu uvijek dobiti najugodniju raspolo\u017eivu ponudu i cijenu. Ako \u0107ete u roku od 24 sata po napravljenoj rezervaciji prona\u0107i istu ponudu preko nekog drugog online kanala koji nije na\u0161a internet stranica, molimo vas da nam po\u0161aljete detalje objave [&hellip;]<\/p>\n","protected":false},"author":1,"featured_media":0,"parent":0,"menu_order":0,"comment_status":"closed","ping_status":"closed","template":"","meta":{"_et_pb_use_builder":"on","_et_pb_old_content":"[et_pb_section fb_built=\"1\" admin_label=\"About\" _builder_version=\"3.22.3\" custom_padding=\"0px||0px||false\" collapsed=\"off\"][et_pb_row column_structure=\"1_3,2_3\" custom_padding=\"0px||0px||true\" make_equal=\"on\" padding_top_bottom_link_2=\"false\" padding_left_right_link_2=\"false\" _builder_version=\"3.25.4\" background_color=\"rgba(0,0,0,0.08)\" width=\"100%\" max_width=\"100%\" min_height=\"697px\" use_custom_width=\"on\" width_unit=\"off\" custom_width_percent=\"100%\"][et_pb_column type=\"1_3\" _builder_version=\"3.25.4\" background_image=\"https:\/\/arancini.hr\/wp-content\/uploads\/2020\/03\/jedrenje.jpeg\" custom_padding=\"|||\" custom_padding__hover=\"|||\"][et_pb_divider show_divider=\"off\" _builder_version=\"3.12.2\" height=\"300px\"][\/et_pb_divider][\/et_pb_column][et_pb_column type=\"2_3\" _builder_version=\"3.25.4\" background_image=\"https:\/\/arancini.hr\/wp-content\/uploads\/2020\/02\/grafika.png\" background_size=\"initial\" background_position=\"top_right\" custom_padding=\"6vw|10vw|12vw|5vw\" custom_padding_tablet=\"|10%||10%||true\" custom_padding_phone=\"|3vw||3vw\" custom_padding_last_edited=\"on|tablet\" custom_padding__hover=\"|||\"][et_pb_text _builder_version=\"3.25.4\" header_font=\"||||||||\" header_2_font=\"Frank Ruhl Libre||||||||\" header_2_font_size=\"48px\" header_2_line_height=\"1.4em\" max_width=\"700px\" header_2_font_size_phone=\"28px\" header_2_font_size_last_edited=\"on|desktop\"]\n<h2>Best price guarantee<\/h2>\n[\/et_pb_text][et_pb_divider color=\"#979797\" divider_weight=\"2px\" _builder_version=\"3.12.2\" max_width=\"100px\"][\/et_pb_divider][et_pb_text _builder_version=\"3.25.4\"]\n<div class=\"element-wrap\">\n<div class=\"paragraph paragraph-normal\">\n\nWhen browsing through offers on our website, you are always guaranteed the best available offer and price for your stay at our hotels. If you find identical website offer at a lower price within 24 hours after you have made your reservation with us, we kindly ask you to send details on this offer, and we will acknowledge the lower rate and add to it additional 5% discount.\n\nMaking a reservation via our website reservation system is easy and quick, and it additionally saves time when searching for further information on Resort complex and services, because all information can be found at arancini.hr. Reservation made via our website does not include any additional hidden costs or fees.\n\nOur staff will be happy to help you with additional information and clarifications. Contact details are available at our website&nbsp;www.arancini.hr and at all stages of website reservation.\n\n&nbsp;\n\n<\/div>\n<\/div>\n<div class=\"element-wrap\">\n<div class=\"contentTitle\">\n<h3 class=\"heading_left\"><span>General conditions<\/span><\/h3>\n<\/div>\n<\/div>\n<div class=\"element-wrap\">\n<div class=\"paragraph paragraph-normal\">\n<ul>\n \t<li>We kindly ask you to exercise the right arising from the clause for best price guarantee within 24 hours after making your reservation via the website and send your letter of notification to info@arancini.hr. Your letter must include your name and surname, reservation number and the name of the website which provides lower or more favourable offer. Incomplete complaints will not be taken into consideration.<\/li>\n \t<li>Best price guarantee and its related discount will only be acknowledged if the offered lower price applies to the same room type, the same time period and if it can be reserved within 24-hour period from the sent complaint, and it includes the same services and conditions as our confirmed offer and price. Received screenshots will not be considered as proof material.&nbsp;<\/li>\n \t<li>Best price guarantee applies only to prices from the website offer. &nbsp;<\/li>\n \t<li>The lower price must be offered in the same currency as our offer (in HRK).<\/li>\n<\/ul>\n<\/div>\n<\/div>\n[\/et_pb_text][\/et_pb_column][\/et_pb_row][\/et_pb_section][et_pb_section fb_built=\"1\" admin_label=\"Footer\" _builder_version=\"3.25.4\" background_color=\"#000000\" animation_style=\"slide\" animation_direction=\"bottom\" animation_intensity_slide=\"5%\" global_module=\"2732\" saved_tabs=\"all\"][et_pb_row column_structure=\"1_3,1_3,1_3\" _builder_version=\"3.25.4\"][et_pb_column type=\"1_3\" _builder_version=\"3.25.4\"][et_pb_image src=\"https:\/\/arancini.hr\/wp-content\/uploads\/2020\/04\/ARANCINI-logo-web.png\" _builder_version=\"3.25.4\" width=\"68%\" module_alignment=\"left\"][\/et_pb_image][\/et_pb_column][et_pb_column type=\"1_3\" _builder_version=\"3.25.4\"][\/et_pb_column][et_pb_column type=\"1_3\" _builder_version=\"3.25.4\"][et_pb_text _builder_version=\"3.25.4\" header_font=\"||||||||\" header_text_color=\"#ffffff\"]\n<h1>CONTACT<\/h1>\nW: <a href=\"https:\/\/www.arancini.hr\">www.arancini.hr\n<\/a>E:&nbsp;<a href=\"mailto:booking@arancini.hr\">booking@arancini.hr<\/a>\nT: +385 22 646 290\nA: Ulica Stanka Mi\u0107ina 9D, 22211 Vodice\n\n[\/et_pb_text][\/et_pb_column][\/et_pb_row][\/et_pb_section]","_et_gb_content_width":"","footnotes":""},"class_list":["post-3166","page","type-page","status-publish","hentry"],"yoast_head":"<!-- This site is optimized with the Yoast SEO plugin v24.4 - https:\/\/yoast.com\/wordpress\/plugins\/seo\/ -->\n<title>Garancija najbolje cijene - Arancini Residence<\/title>\n<meta name=\"robots\" content=\"index, follow, max-snippet:-1, max-image-preview:large, max-video-preview:-1\" \/>\n<link rel=\"canonical\" href=\"https:\/\/arancini.hr\/hr\/garancija-najbolje-cijene\/\" \/>\n<meta property=\"og:locale\" content=\"hr_HR\" \/>\n<meta property=\"og:type\" content=\"article\" \/>\n<meta property=\"og:title\" content=\"Garancija najbolje cijene - Arancini Residence\" \/>\n<meta property=\"og:description\" content=\"Garancija najbolje cijene Pregledavanjem na\u0161ih internetskih ponuda mo\u017eete biti sigurni, da \u0107ete za svoj boravak u na\u0161em Resortu uvijek dobiti najugodniju raspolo\u017eivu ponudu i cijenu. Ako \u0107ete u roku od 24 sata po napravljenoj rezervaciji prona\u0107i istu ponudu preko nekog drugog online kanala koji nije na\u0161a internet stranica, molimo vas da nam po\u0161aljete detalje objave [&hellip;]\" \/>\n<meta property=\"og:url\" content=\"https:\/\/arancini.hr\/hr\/garancija-najbolje-cijene\/\" \/>\n<meta property=\"og:site_name\" content=\"Arancini Residence\" \/>\n<meta property=\"article:modified_time\" content=\"2021-07-26T17:04:36+00:00\" \/>\n<meta name=\"twitter:card\" content=\"summary_large_image\" \/>\n<meta name=\"twitter:label1\" content=\"Procijenjeno vrijeme \u010ditanja\" \/>\n\t<meta name=\"twitter:data1\" content=\"4 minute\" \/>\n<script type=\"application\/ld+json\" class=\"yoast-schema-graph\">{\"@context\":\"https:\/\/schema.org\",\"@graph\":[{\"@type\":\"WebPage\",\"@id\":\"https:\/\/arancini.hr\/hr\/garancija-najbolje-cijene\/\",\"url\":\"https:\/\/arancini.hr\/hr\/garancija-najbolje-cijene\/\",\"name\":\"Garancija najbolje cijene - Arancini Residence\",\"isPartOf\":{\"@id\":\"https:\/\/arancini.hr\/#website\"},\"datePublished\":\"2020-06-15T05:52:48+00:00\",\"dateModified\":\"2021-07-26T17:04:36+00:00\",\"breadcrumb\":{\"@id\":\"https:\/\/arancini.hr\/hr\/garancija-najbolje-cijene\/#breadcrumb\"},\"inLanguage\":\"hr\",\"potentialAction\":[{\"@type\":\"ReadAction\",\"target\":[\"https:\/\/arancini.hr\/hr\/garancija-najbolje-cijene\/\"]}]},{\"@type\":\"BreadcrumbList\",\"@id\":\"https:\/\/arancini.hr\/hr\/garancija-najbolje-cijene\/#breadcrumb\",\"itemListElement\":[{\"@type\":\"ListItem\",\"position\":1,\"name\":\"Home\",\"item\":\"https:\/\/arancini.hr\/hr\/\"},{\"@type\":\"ListItem\",\"position\":2,\"name\":\"Garancija najbolje cijene\"}]},{\"@type\":\"WebSite\",\"@id\":\"https:\/\/arancini.hr\/#website\",\"url\":\"https:\/\/arancini.hr\/\",\"name\":\"Arancini Residence\",\"description\":\"Odmor u srcu Dalmacije\",\"potentialAction\":[{\"@type\":\"SearchAction\",\"target\":{\"@type\":\"EntryPoint\",\"urlTemplate\":\"https:\/\/arancini.hr\/?s={search_term_string}\"},\"query-input\":{\"@type\":\"PropertyValueSpecification\",\"valueRequired\":true,\"valueName\":\"search_term_string\"}}],\"inLanguage\":\"hr\"}]}<\/script>\n<!-- \/ Yoast SEO plugin. -->","yoast_head_json":{"title":"Garancija najbolje cijene - Arancini Residence","robots":{"index":"index","follow":"follow","max-snippet":"max-snippet:-1","max-image-preview":"max-image-preview:large","max-video-preview":"max-video-preview:-1"},"canonical":"https:\/\/arancini.hr\/hr\/garancija-najbolje-cijene\/","og_locale":"hr_HR","og_type":"article","og_title":"Garancija najbolje cijene - Arancini Residence","og_description":"Garancija najbolje cijene Pregledavanjem na\u0161ih internetskih ponuda mo\u017eete biti sigurni, da \u0107ete za svoj boravak u na\u0161em Resortu uvijek dobiti najugodniju raspolo\u017eivu ponudu i cijenu. Ako \u0107ete u roku od 24 sata po napravljenoj rezervaciji prona\u0107i istu ponudu preko nekog drugog online kanala koji nije na\u0161a internet stranica, molimo vas da nam po\u0161aljete detalje objave [&hellip;]","og_url":"https:\/\/arancini.hr\/hr\/garancija-najbolje-cijene\/","og_site_name":"Arancini Residence","article_modified_time":"2021-07-26T17:04:36+00:00","twitter_card":"summary_large_image","twitter_misc":{"Procijenjeno vrijeme \u010ditanja":"4 minute"},"schema":{"@context":"https:\/\/schema.org","@graph":[{"@type":"WebPage","@id":"https:\/\/arancini.hr\/hr\/garancija-najbolje-cijene\/","url":"https:\/\/arancini.hr\/hr\/garancija-najbolje-cijene\/","name":"Garancija najbolje cijene - Arancini Residence","isPartOf":{"@id":"https:\/\/arancini.hr\/#website"},"datePublished":"2020-06-15T05:52:48+00:00","dateModified":"2021-07-26T17:04:36+00:00","breadcrumb":{"@id":"https:\/\/arancini.hr\/hr\/garancija-najbolje-cijene\/#breadcrumb"},"inLanguage":"hr","potentialAction":[{"@type":"ReadAction","target":["https:\/\/arancini.hr\/hr\/garancija-najbolje-cijene\/"]}]},{"@type":"BreadcrumbList","@id":"https:\/\/arancini.hr\/hr\/garancija-najbolje-cijene\/#breadcrumb","itemListElement":[{"@type":"ListItem","position":1,"name":"Home","item":"https:\/\/arancini.hr\/hr\/"},{"@type":"ListItem","position":2,"name":"Garancija najbolje cijene"}]},{"@type":"WebSite","@id":"https:\/\/arancini.hr\/#website","url":"https:\/\/arancini.hr\/","name":"Arancini Residence","description":"Odmor u srcu Dalmacije","potentialAction":[{"@type":"SearchAction","target":{"@type":"EntryPoint","urlTemplate":"https:\/\/arancini.hr\/?s={search_term_string}"},"query-input":{"@type":"PropertyValueSpecification","valueRequired":true,"valueName":"search_term_string"}}],"inLanguage":"hr"}]}},"_links":{"self":[{"href":"https:\/\/arancini.hr\/hr\/wp-json\/wp\/v2\/pages\/3166","targetHints":{"allow":["GET"]}}],"collection":[{"href":"https:\/\/arancini.hr\/hr\/wp-json\/wp\/v2\/pages"}],"about":[{"href":"https:\/\/arancini.hr\/hr\/wp-json\/wp\/v2\/types\/page"}],"author":[{"embeddable":true,"href":"https:\/\/arancini.hr\/hr\/wp-json\/wp\/v2\/users\/1"}],"replies":[{"embeddable":true,"href":"https:\/\/arancini.hr\/hr\/wp-json\/wp\/v2\/comments?post=3166"}],"version-history":[{"count":0,"href":"https:\/\/arancini.hr\/hr\/wp-json\/wp\/v2\/pages\/3166\/revisions"}],"wp:attachment":[{"href":"https:\/\/arancini.hr\/hr\/wp-json\/wp\/v2\/media?parent=3166"}],"curies":[{"name":"wp","href":"https:\/\/api.w.org\/{rel}","templated":true}]}}